{"id":149,"date":"2022-04-18T15:21:39","date_gmt":"2022-04-18T13:21:39","guid":{"rendered":"https:\/\/www.teatrobanal.at\/super\/?page_id=149"},"modified":"2026-04-02T14:22:38","modified_gmt":"2026-04-02T12:22:38","slug":"stelzengeher","status":"publish","type":"page","link":"https:\/\/www.teatrobanal.at\/super\/stelzengeher\/","title":{"rendered":"Stelzengeher"},"content":{"rendered":"\n<h2 class=\"wp-block-heading has-text-align-center has-secondary-color has-text-color\"><strong>Das Stelzenk\u00fcnstler Duo<\/strong><\/h2>\n\n\n\n<figure class=\"wp-block-image size-large\"><img loading=\"lazy\" decoding=\"async\" width=\"948\" height=\"1024\" src=\"https:\/\/www.teatrobanal.at\/super\/wp-content\/uploads\/2023\/04\/Stelzengeher-Bunt-948x1024.jpg\" alt=\"Stelzengeher: Wunderbare Stelzengeher mit einer gro\u00dfen Auswahl an Stelzenk\u00fcnstler Kost\u00fcmen in vielen unterschiedlichen Rollen. \nFeine Stelzen Walking Acts f\u00fcr Ihre Veranstaltung!\" class=\"wp-image-488\" srcset=\"https:\/\/www.teatrobanal.at\/super\/wp-content\/uploads\/2023\/04\/Stelzengeher-Bunt-948x1024.jpg 948w, https:\/\/www.teatrobanal.at\/super\/wp-content\/uploads\/2023\/04\/Stelzengeher-Bunt-278x300.jpg 278w, https:\/\/www.teatrobanal.at\/super\/wp-content\/uploads\/2023\/04\/Stelzengeher-Bunt-768x829.jpg 768w, https:\/\/www.teatrobanal.at\/super\/wp-content\/uploads\/2023\/04\/Stelzengeher-Bunt-1423x1536.jpg 1423w, https:\/\/www.teatrobanal.at\/super\/wp-content\/uploads\/2023\/04\/Stelzengeher-Bunt-1897x2048.jpg 1897w, https:\/\/www.teatrobanal.at\/super\/wp-content\/uploads\/2023\/04\/Stelzengeher-Bunt-1200x1296.jpg 1200w, https:\/\/www.teatrobanal.at\/super\/wp-content\/uploads\/2023\/04\/Stelzengeher-Bunt-1980x2138.jpg 1980w\" sizes=\"auto, (max-width: 948px) 100vw, 948px\" \/><\/figure>\n\n\n\n<p class=\"has-normal-font-size\"><strong>Wunderbare Stelzengeher mit einer gro\u00dfen Auswahl an Stelzenk\u00fcnstler Kost\u00fcmen in vielen<\/strong> <strong>unterschiedlichen Rollen. <\/strong><br><strong>Feine Stelzen Walking Acts f\u00fcr Ihre Veranstaltung!<\/strong><\/p>\n\n\n\n<figure class=\"wp-block-image size-large\"><img loading=\"lazy\" decoding=\"async\" width=\"1024\" height=\"1024\" src=\"https:\/\/www.teatrobanal.at\/super\/wp-content\/uploads\/2023\/08\/DieStelzengeher-1024x1024.jpg\" alt=\"Knallrote Stelzengeher\" class=\"wp-image-544\" srcset=\"https:\/\/www.teatrobanal.at\/super\/wp-content\/uploads\/2023\/08\/DieStelzengeher-1024x1024.jpg 1024w, https:\/\/www.teatrobanal.at\/super\/wp-content\/uploads\/2023\/08\/DieStelzengeher-300x300.jpg 300w, https:\/\/www.teatrobanal.at\/super\/wp-content\/uploads\/2023\/08\/DieStelzengeher-150x150.jpg 150w, https:\/\/www.teatrobanal.at\/super\/wp-content\/uploads\/2023\/08\/DieStelzengeher-768x768.jpg 768w, https:\/\/www.teatrobanal.at\/super\/wp-content\/uploads\/2023\/08\/DieStelzengeher.jpg 1080w\" sizes=\"auto, (max-width: 1024px) 100vw, 1024px\" \/><\/figure>\n\n\n\n<figure class=\"wp-block-gallery has-nested-images columns-default is-cropped wp-block-gallery-1 is-layout-flex wp-block-gallery-is-layout-flex\">\n<figure class=\"wp-block-image size-full\"><img loading=\"lazy\" decoding=\"async\" width=\"355\" height=\"474\" data-id=\"401\" src=\"https:\/\/www.teatrobanal.at\/super\/wp-content\/uploads\/2022\/08\/Die-Stelzengeher-Matrosen.jpg\" alt=\"Stelzengeher als Matrosen\" class=\"wp-image-401\" srcset=\"https:\/\/www.teatrobanal.at\/super\/wp-content\/uploads\/2022\/08\/Die-Stelzengeher-Matrosen.jpg 355w, https:\/\/www.teatrobanal.at\/super\/wp-content\/uploads\/2022\/08\/Die-Stelzengeher-Matrosen-225x300.jpg 225w\" sizes=\"auto, (max-width: 355px) 100vw, 355px\" \/><\/figure>\n\n\n\n<figure class=\"wp-block-image size-full\"><img loading=\"lazy\" decoding=\"async\" width=\"400\" height=\"267\" data-id=\"501\" src=\"https:\/\/www.teatrobanal.at\/super\/wp-content\/uploads\/2023\/04\/Stelzengeher-Barock.jpg\" alt=\"Stelzengeher\" class=\"wp-image-501\" srcset=\"https:\/\/www.teatrobanal.at\/super\/wp-content\/uploads\/2023\/04\/Stelzengeher-Barock.jpg 400w, https:\/\/www.teatrobanal.at\/super\/wp-content\/uploads\/2023\/04\/Stelzengeher-Barock-300x200.jpg 300w\" sizes=\"auto, (max-width: 400px) 100vw, 400px\" \/><\/figure>\n\n\n\n<figure class=\"wp-block-image size-full\"><img loading=\"lazy\" decoding=\"async\" width=\"300\" height=\"400\" data-id=\"502\" src=\"https:\/\/www.teatrobanal.at\/super\/wp-content\/uploads\/2023\/04\/Stelzengeher-Globetrotter.jpg\" alt=\"Stelzengeher\" class=\"wp-image-502\" srcset=\"https:\/\/www.teatrobanal.at\/super\/wp-content\/uploads\/2023\/04\/Stelzengeher-Globetrotter.jpg 300w, https:\/\/www.teatrobanal.at\/super\/wp-content\/uploads\/2023\/04\/Stelzengeher-Globetrotter-225x300.jpg 225w\" sizes=\"auto, (max-width: 300px) 100vw, 300px\" \/><\/figure>\n<\/figure>\n\n\n\n<p class=\"has-normal-font-size\"><strong>Professionelle, anspruchsvolle Werbeauftritte<br>als Stelzengeher f\u00fcr z.B. Messen,<\/strong> <strong>Produktpr\u00e4sentationen oder Marketingaktionen direkt vor Gesch\u00e4ften geh\u00f6ren ebenfalls zu unserem<\/strong> <strong>Repertoire.<\/strong><br><strong><br>Wir bieten als Stelzenk\u00fcnstler neben einer gro\u00dfen Auswahl an Kost\u00fcmen (zus\u00e4tzlich sind spezielle Anfertigungen auf Wunsch m\u00f6glich) auch die F\u00e4higkeit, Menschen zu begeistern und sind in der Lage durch interaktive Kommunikation die Werbebotschaft erfolgreich zu vermitteln. <\/strong><\/p>\n\n\n\n<figure class=\"wp-block-image size-large\"><img loading=\"lazy\" decoding=\"async\" width=\"1024\" height=\"1024\" src=\"https:\/\/www.teatrobanal.at\/super\/wp-content\/uploads\/2023\/08\/WalkingActStelzengeher-1024x1024.jpg\" alt=\"Walking Acts, Stelzenk\u00fcnstler, Kom\u00f6dianten\" class=\"wp-image-541\" srcset=\"https:\/\/www.teatrobanal.at\/super\/wp-content\/uploads\/2023\/08\/WalkingActStelzengeher-1024x1024.jpg 1024w, https:\/\/www.teatrobanal.at\/super\/wp-content\/uploads\/2023\/08\/WalkingActStelzengeher-300x300.jpg 300w, https:\/\/www.teatrobanal.at\/super\/wp-content\/uploads\/2023\/08\/WalkingActStelzengeher-150x150.jpg 150w, https:\/\/www.teatrobanal.at\/super\/wp-content\/uploads\/2023\/08\/WalkingActStelzengeher-768x768.jpg 768w, https:\/\/www.teatrobanal.at\/super\/wp-content\/uploads\/2023\/08\/WalkingActStelzengeher-1536x1536.jpg 1536w, https:\/\/www.teatrobanal.at\/super\/wp-content\/uploads\/2023\/08\/WalkingActStelzengeher-1200x1200.jpg 1200w, https:\/\/www.teatrobanal.at\/super\/wp-content\/uploads\/2023\/08\/WalkingActStelzengeher.jpg 1920w\" sizes=\"auto, (max-width: 1024px) 100vw, 1024px\" \/><\/figure>\n\n\n\n<figure class=\"wp-block-image size-full\"><img loading=\"lazy\" decoding=\"async\" width=\"800\" height=\"533\" src=\"https:\/\/www.teatrobanal.at\/super\/wp-content\/uploads\/2022\/08\/Edle-Stelzengeher.jpg\" alt=\"Die Stelzenk\u00fcnstler\" class=\"wp-image-405\" srcset=\"https:\/\/www.teatrobanal.at\/super\/wp-content\/uploads\/2022\/08\/Edle-Stelzengeher.jpg 800w, https:\/\/www.teatrobanal.at\/super\/wp-content\/uploads\/2022\/08\/Edle-Stelzengeher-300x200.jpg 300w, https:\/\/www.teatrobanal.at\/super\/wp-content\/uploads\/2022\/08\/Edle-Stelzengeher-768x512.jpg 768w\" sizes=\"auto, (max-width: 800px) 100vw, 800px\" \/><\/figure>\n\n\n\n<p class=\"has-normal-font-size\"><strong>Dar\u00fcber hinaus sind wir offen f\u00fcr spezielle themenbezogene<\/strong> <strong>k\u00fcnstlerische Inszenierungen, Walking Acts und Performances.<br>Beinahe egal zu welchem Thema: wir sind bem\u00fcht unsere<\/strong> <strong>Ideen einzubringen und zu Ihrer Zufriedenheit umzusetzen.<br>Neue Herausforderungen sind uns gerne willkommen.<\/strong><\/p>\n\n\n\n<figure class=\"wp-block-image size-large\"><img loading=\"lazy\" decoding=\"async\" width=\"1024\" height=\"576\" src=\"https:\/\/www.teatrobanal.at\/super\/wp-content\/uploads\/2023\/04\/Stelzenkuenstler-1024x576.jpg\" alt=\"Stelzengeher\" class=\"wp-image-506\" srcset=\"https:\/\/www.teatrobanal.at\/super\/wp-content\/uploads\/2023\/04\/Stelzenkuenstler-1024x576.jpg 1024w, https:\/\/www.teatrobanal.at\/super\/wp-content\/uploads\/2023\/04\/Stelzenkuenstler-300x169.jpg 300w, https:\/\/www.teatrobanal.at\/super\/wp-content\/uploads\/2023\/04\/Stelzenkuenstler-768x432.jpg 768w, https:\/\/www.teatrobanal.at\/super\/wp-content\/uploads\/2023\/04\/Stelzenkuenstler-1536x864.jpg 1536w, https:\/\/www.teatrobanal.at\/super\/wp-content\/uploads\/2023\/04\/Stelzenkuenstler-1200x675.jpg 1200w, https:\/\/www.teatrobanal.at\/super\/wp-content\/uploads\/2023\/04\/Stelzenkuenstler.jpg 1920w\" sizes=\"auto, (max-width: 1024px) 100vw, 1024px\" \/><\/figure>\n\n\n\n<p class=\"has-normal-font-size\"><strong>Mehr Informationen finden Sie unter: <a href=\"http:\/\/www.Stelzengeher.com\" target=\"_blank\" rel=\"noreferrer noopener\">www.Stelzengeher.com<\/a><\/strong><br><strong> <\/strong><br><strong>oder rufen Sie an: <a href=\"tel:+436644732787\">00436644732787<\/a> (auch erreichbar mittels WhatsApp oder SMS)<\/strong><\/p>\n\n\n\n<p class=\"has-normal-font-size\"><strong><a href=\"https:\/\/www.teatrobanal.at\/super\/\">Zur\u00fcck zur Startseite<\/a><\/strong><\/p>\n","protected":false},"excerpt":{"rendered":"<p>Das Stelzenk\u00fcnstler Duo Wunderbare Stelzengeher mit einer gro\u00dfen Auswahl an Stelzenk\u00fcnstler Kost\u00fcmen in vielen unterschiedlichen Rollen. Feine Stelzen Walking Acts f\u00fcr Ihre Veranstaltung! Professionelle, anspruchsvolle Werbeauftritteals Stelzengeher f\u00fcr z.B. Messen, Produktpr\u00e4sentationen oder Marketingaktionen direkt vor Gesch\u00e4ften geh\u00f6ren ebenfalls zu unserem Repertoire.Wir bieten als Stelzenk\u00fcnstler neben einer gro\u00dfen Auswahl an Kost\u00fcmen (zus\u00e4tzlich sind spezielle Anfertigungen auf [&hellip;]<\/p>\n","protected":false},"author":1,"featured_media":0,"parent":0,"menu_order":0,"comment_status":"closed","ping_status":"closed","template":"","meta":{"footnotes":""},"class_list":["post-149","page","type-page","status-publish","hentry"],"yoast_head":"<!-- This site is optimized with the Yoast SEO plugin v27.3 - https:\/\/yoast.com\/product\/yoast-seo-wordpress\/ -->\n<title>Stelzengeher und Stelzenk\u00fcnstler f\u00fcr Ihre Veranstaltung<\/title>\n<meta name=\"description\" content=\"Wunderbare Stelzengeher mit einer gro\u00dfen Auswahl an Stelzenk\u00fcnstler Kost\u00fcmen in vielen unterschiedlichen Rollen. Feine Stelzen Walking Acts!\" \/>\n<meta name=\"robots\" content=\"index, follow, max-snippet:-1, max-image-preview:large, max-video-preview:-1\" \/>\n<link rel=\"canonical\" href=\"https:\/\/www.teatrobanal.at\/super\/stelzengeher\/\" \/>\n<meta property=\"og:locale\" content=\"de_DE\" \/>\n<meta property=\"og:type\" content=\"article\" \/>\n<meta property=\"og:title\" content=\"Stelzengeher und Stelzenk\u00fcnstler f\u00fcr Ihre Veranstaltung\" \/>\n<meta property=\"og:description\" content=\"Wunderbare Stelzengeher mit einer gro\u00dfen Auswahl an Stelzenk\u00fcnstler Kost\u00fcmen in vielen unterschiedlichen Rollen. Feine Stelzen Walking Acts!\" \/>\n<meta property=\"og:url\" content=\"https:\/\/www.teatrobanal.at\/super\/stelzengeher\/\" \/>\n<meta property=\"og:site_name\" content=\"Kleinkunst Duo - Teatro Banal\" \/>\n<meta property=\"article:modified_time\" content=\"2026-04-02T12:22:38+00:00\" \/>\n<meta property=\"og:image\" content=\"https:\/\/www.teatrobanal.at\/super\/wp-content\/uploads\/2023\/04\/Stelzengeher-Bunt.jpg\" \/>\n\t<meta property=\"og:image:width\" content=\"2371\" \/>\n\t<meta property=\"og:image:height\" content=\"2560\" \/>\n\t<meta property=\"og:image:type\" content=\"image\/jpeg\" \/>\n<meta name=\"twitter:card\" content=\"summary_large_image\" \/>\n<meta name=\"twitter:label1\" content=\"Gesch\u00e4tzte Lesezeit\" \/>\n\t<meta name=\"twitter:data1\" content=\"2\u00a0Minuten\" \/>\n<script type=\"application\/ld+json\" class=\"yoast-schema-graph\">{\"@context\":\"https:\\\/\\\/schema.org\",\"@graph\":[{\"@type\":\"WebPage\",\"@id\":\"https:\\\/\\\/www.teatrobanal.at\\\/super\\\/stelzengeher\\\/\",\"url\":\"https:\\\/\\\/www.teatrobanal.at\\\/super\\\/stelzengeher\\\/\",\"name\":\"Stelzengeher und Stelzenk\u00fcnstler f\u00fcr Ihre Veranstaltung\",\"isPartOf\":{\"@id\":\"https:\\\/\\\/www.teatrobanal.at\\\/super\\\/#website\"},\"primaryImageOfPage\":{\"@id\":\"https:\\\/\\\/www.teatrobanal.at\\\/super\\\/stelzengeher\\\/#primaryimage\"},\"image\":{\"@id\":\"https:\\\/\\\/www.teatrobanal.at\\\/super\\\/stelzengeher\\\/#primaryimage\"},\"thumbnailUrl\":\"https:\\\/\\\/www.teatrobanal.at\\\/super\\\/wp-content\\\/uploads\\\/2023\\\/04\\\/Stelzengeher-Bunt-948x1024.jpg\",\"datePublished\":\"2022-04-18T13:21:39+00:00\",\"dateModified\":\"2026-04-02T12:22:38+00:00\",\"description\":\"Wunderbare Stelzengeher mit einer gro\u00dfen Auswahl an Stelzenk\u00fcnstler Kost\u00fcmen in vielen unterschiedlichen Rollen. Feine Stelzen Walking Acts!\",\"breadcrumb\":{\"@id\":\"https:\\\/\\\/www.teatrobanal.at\\\/super\\\/stelzengeher\\\/#breadcrumb\"},\"inLanguage\":\"de\",\"potentialAction\":[{\"@type\":\"ReadAction\",\"target\":[\"https:\\\/\\\/www.teatrobanal.at\\\/super\\\/stelzengeher\\\/\"]}]},{\"@type\":\"ImageObject\",\"inLanguage\":\"de\",\"@id\":\"https:\\\/\\\/www.teatrobanal.at\\\/super\\\/stelzengeher\\\/#primaryimage\",\"url\":\"https:\\\/\\\/www.teatrobanal.at\\\/super\\\/wp-content\\\/uploads\\\/2023\\\/04\\\/Stelzengeher-Bunt.jpg\",\"contentUrl\":\"https:\\\/\\\/www.teatrobanal.at\\\/super\\\/wp-content\\\/uploads\\\/2023\\\/04\\\/Stelzengeher-Bunt.jpg\",\"width\":2371,\"height\":2560,\"caption\":\"Stelzengeher\"},{\"@type\":\"BreadcrumbList\",\"@id\":\"https:\\\/\\\/www.teatrobanal.at\\\/super\\\/stelzengeher\\\/#breadcrumb\",\"itemListElement\":[{\"@type\":\"ListItem\",\"position\":1,\"name\":\"Startseite Kleinkunst Duo Teatro Banal\",\"item\":\"https:\\\/\\\/www.teatrobanal.at\\\/super\\\/\"},{\"@type\":\"ListItem\",\"position\":2,\"name\":\"Stelzengeher\"}]},{\"@type\":\"WebSite\",\"@id\":\"https:\\\/\\\/www.teatrobanal.at\\\/super\\\/#website\",\"url\":\"https:\\\/\\\/www.teatrobanal.at\\\/super\\\/\",\"name\":\"Kleinkunst Duo - Teatro Banal\",\"description\":\"Startseite\",\"publisher\":{\"@id\":\"https:\\\/\\\/www.teatrobanal.at\\\/super\\\/#organization\"},\"potentialAction\":[{\"@type\":\"SearchAction\",\"target\":{\"@type\":\"EntryPoint\",\"urlTemplate\":\"https:\\\/\\\/www.teatrobanal.at\\\/super\\\/?s={search_term_string}\"},\"query-input\":{\"@type\":\"PropertyValueSpecification\",\"valueRequired\":true,\"valueName\":\"search_term_string\"}}],\"inLanguage\":\"de\"},{\"@type\":\"Organization\",\"@id\":\"https:\\\/\\\/www.teatrobanal.at\\\/super\\\/#organization\",\"name\":\"Das Kleinkunst Duo\",\"url\":\"https:\\\/\\\/www.teatrobanal.at\\\/super\\\/\",\"logo\":{\"@type\":\"ImageObject\",\"inLanguage\":\"de\",\"@id\":\"https:\\\/\\\/www.teatrobanal.at\\\/super\\\/#\\\/schema\\\/logo\\\/image\\\/\",\"url\":\"https:\\\/\\\/www.teatrobanal.at\\\/super\\\/wp-content\\\/uploads\\\/2022\\\/04\\\/Spasskellner-Show.jpg\",\"contentUrl\":\"https:\\\/\\\/www.teatrobanal.at\\\/super\\\/wp-content\\\/uploads\\\/2022\\\/04\\\/Spasskellner-Show.jpg\",\"width\":1920,\"height\":1080,\"caption\":\"Das Kleinkunst Duo\"},\"image\":{\"@id\":\"https:\\\/\\\/www.teatrobanal.at\\\/super\\\/#\\\/schema\\\/logo\\\/image\\\/\"}}]}<\/script>\n<!-- \/ Yoast SEO plugin. -->","yoast_head_json":{"title":"Stelzengeher und Stelzenk\u00fcnstler f\u00fcr Ihre Veranstaltung","description":"Wunderbare Stelzengeher mit einer gro\u00dfen Auswahl an Stelzenk\u00fcnstler Kost\u00fcmen in vielen unterschiedlichen Rollen. Feine Stelzen Walking Acts!","robots":{"index":"index","follow":"follow","max-snippet":"max-snippet:-1","max-image-preview":"max-image-preview:large","max-video-preview":"max-video-preview:-1"},"canonical":"https:\/\/www.teatrobanal.at\/super\/stelzengeher\/","og_locale":"de_DE","og_type":"article","og_title":"Stelzengeher und Stelzenk\u00fcnstler f\u00fcr Ihre Veranstaltung","og_description":"Wunderbare Stelzengeher mit einer gro\u00dfen Auswahl an Stelzenk\u00fcnstler Kost\u00fcmen in vielen unterschiedlichen Rollen. Feine Stelzen Walking Acts!","og_url":"https:\/\/www.teatrobanal.at\/super\/stelzengeher\/","og_site_name":"Kleinkunst Duo - Teatro Banal","article_modified_time":"2026-04-02T12:22:38+00:00","og_image":[{"width":2371,"height":2560,"url":"https:\/\/www.teatrobanal.at\/super\/wp-content\/uploads\/2023\/04\/Stelzengeher-Bunt.jpg","type":"image\/jpeg"}],"twitter_card":"summary_large_image","twitter_misc":{"Gesch\u00e4tzte Lesezeit":"2\u00a0Minuten"},"schema":{"@context":"https:\/\/schema.org","@graph":[{"@type":"WebPage","@id":"https:\/\/www.teatrobanal.at\/super\/stelzengeher\/","url":"https:\/\/www.teatrobanal.at\/super\/stelzengeher\/","name":"Stelzengeher und Stelzenk\u00fcnstler f\u00fcr Ihre Veranstaltung","isPartOf":{"@id":"https:\/\/www.teatrobanal.at\/super\/#website"},"primaryImageOfPage":{"@id":"https:\/\/www.teatrobanal.at\/super\/stelzengeher\/#primaryimage"},"image":{"@id":"https:\/\/www.teatrobanal.at\/super\/stelzengeher\/#primaryimage"},"thumbnailUrl":"https:\/\/www.teatrobanal.at\/super\/wp-content\/uploads\/2023\/04\/Stelzengeher-Bunt-948x1024.jpg","datePublished":"2022-04-18T13:21:39+00:00","dateModified":"2026-04-02T12:22:38+00:00","description":"Wunderbare Stelzengeher mit einer gro\u00dfen Auswahl an Stelzenk\u00fcnstler Kost\u00fcmen in vielen unterschiedlichen Rollen. Feine Stelzen Walking Acts!","breadcrumb":{"@id":"https:\/\/www.teatrobanal.at\/super\/stelzengeher\/#breadcrumb"},"inLanguage":"de","potentialAction":[{"@type":"ReadAction","target":["https:\/\/www.teatrobanal.at\/super\/stelzengeher\/"]}]},{"@type":"ImageObject","inLanguage":"de","@id":"https:\/\/www.teatrobanal.at\/super\/stelzengeher\/#primaryimage","url":"https:\/\/www.teatrobanal.at\/super\/wp-content\/uploads\/2023\/04\/Stelzengeher-Bunt.jpg","contentUrl":"https:\/\/www.teatrobanal.at\/super\/wp-content\/uploads\/2023\/04\/Stelzengeher-Bunt.jpg","width":2371,"height":2560,"caption":"Stelzengeher"},{"@type":"BreadcrumbList","@id":"https:\/\/www.teatrobanal.at\/super\/stelzengeher\/#breadcrumb","itemListElement":[{"@type":"ListItem","position":1,"name":"Startseite Kleinkunst Duo Teatro Banal","item":"https:\/\/www.teatrobanal.at\/super\/"},{"@type":"ListItem","position":2,"name":"Stelzengeher"}]},{"@type":"WebSite","@id":"https:\/\/www.teatrobanal.at\/super\/#website","url":"https:\/\/www.teatrobanal.at\/super\/","name":"Kleinkunst Duo - Teatro Banal","description":"Startseite","publisher":{"@id":"https:\/\/www.teatrobanal.at\/super\/#organization"},"potentialAction":[{"@type":"SearchAction","target":{"@type":"EntryPoint","urlTemplate":"https:\/\/www.teatrobanal.at\/super\/?s={search_term_string}"},"query-input":{"@type":"PropertyValueSpecification","valueRequired":true,"valueName":"search_term_string"}}],"inLanguage":"de"},{"@type":"Organization","@id":"https:\/\/www.teatrobanal.at\/super\/#organization","name":"Das Kleinkunst Duo","url":"https:\/\/www.teatrobanal.at\/super\/","logo":{"@type":"ImageObject","inLanguage":"de","@id":"https:\/\/www.teatrobanal.at\/super\/#\/schema\/logo\/image\/","url":"https:\/\/www.teatrobanal.at\/super\/wp-content\/uploads\/2022\/04\/Spasskellner-Show.jpg","contentUrl":"https:\/\/www.teatrobanal.at\/super\/wp-content\/uploads\/2022\/04\/Spasskellner-Show.jpg","width":1920,"height":1080,"caption":"Das Kleinkunst Duo"},"image":{"@id":"https:\/\/www.teatrobanal.at\/super\/#\/schema\/logo\/image\/"}}]}},"_links":{"self":[{"href":"https:\/\/www.teatrobanal.at\/super\/wp-json\/wp\/v2\/pages\/149","targetHints":{"allow":["GET"]}}],"collection":[{"href":"https:\/\/www.teatrobanal.at\/super\/wp-json\/wp\/v2\/pages"}],"about":[{"href":"https:\/\/www.teatrobanal.at\/super\/wp-json\/wp\/v2\/types\/page"}],"author":[{"embeddable":true,"href":"https:\/\/www.teatrobanal.at\/super\/wp-json\/wp\/v2\/users\/1"}],"replies":[{"embeddable":true,"href":"https:\/\/www.teatrobanal.at\/super\/wp-json\/wp\/v2\/comments?post=149"}],"version-history":[{"count":43,"href":"https:\/\/www.teatrobanal.at\/super\/wp-json\/wp\/v2\/pages\/149\/revisions"}],"predecessor-version":[{"id":604,"href":"https:\/\/www.teatrobanal.at\/super\/wp-json\/wp\/v2\/pages\/149\/revisions\/604"}],"wp:attachment":[{"href":"https:\/\/www.teatrobanal.at\/super\/wp-json\/wp\/v2\/media?parent=149"}],"curies":[{"name":"wp","href":"https:\/\/api.w.org\/{rel}","templated":true}]}}