{"id":170,"date":"2022-04-18T15:21:53","date_gmt":"2022-04-18T13:21:53","guid":{"rendered":"https:\/\/www.teatrobanal.at\/super\/?page_id=170"},"modified":"2026-04-02T14:22:47","modified_gmt":"2026-04-02T12:22:47","slug":"walking-acts-entreeshows","status":"publish","type":"page","link":"https:\/\/www.teatrobanal.at\/super\/walking-acts-entreeshows\/","title":{"rendered":"Walking Acts &#038; Entr\u00e9eshows"},"content":{"rendered":"\n<h2 class=\"wp-block-heading has-text-align-center has-secondary-color has-text-color\"><strong>Das Performance Duo<\/strong><\/h2>\n\n\n\n<figure class=\"wp-block-image size-full\"><img loading=\"lazy\" decoding=\"async\" width=\"566\" height=\"473\" src=\"https:\/\/www.teatrobanal.at\/super\/wp-content\/uploads\/2023\/04\/Walking-Act.jpg\" alt=\"Stelzengeher Walking Act. Gro\u00dfe Auswahl an verschiedenen Walking Act Rollen oder Shows als Animation im Entr\u00e9e. Ob auf Stelzen, als Pantomimen oder Kom\u00f6dianten!\" class=\"wp-image-520\" srcset=\"https:\/\/www.teatrobanal.at\/super\/wp-content\/uploads\/2023\/04\/Walking-Act.jpg 566w, https:\/\/www.teatrobanal.at\/super\/wp-content\/uploads\/2023\/04\/Walking-Act-300x251.jpg 300w\" sizes=\"auto, (max-width: 566px) 100vw, 566px\" \/><\/figure>\n\n\n\n<p class=\"has-normal-font-size\"><strong>Gro\u00dfe Auswahl an verschiedenen Walking Act Rollen oder Shows als Animation im Entr\u00e9e. Ob auf Stelzen, als Pantomimen oder Kom\u00f6dianten<\/strong>!<\/p>\n\n\n\n<figure class=\"wp-block-gallery has-nested-images columns-default is-cropped wp-block-gallery-1 is-layout-flex wp-block-gallery-is-layout-flex\">\n<figure class=\"wp-block-image size-full\"><img loading=\"lazy\" decoding=\"async\" width=\"267\" height=\"400\" data-id=\"515\" src=\"https:\/\/www.teatrobanal.at\/super\/wp-content\/uploads\/2023\/04\/Walking-Act-Stelzenkuenstler.jpg\" alt=\"Charly Chaplin Marionette\" class=\"wp-image-515\" srcset=\"https:\/\/www.teatrobanal.at\/super\/wp-content\/uploads\/2023\/04\/Walking-Act-Stelzenkuenstler.jpg 267w, https:\/\/www.teatrobanal.at\/super\/wp-content\/uploads\/2023\/04\/Walking-Act-Stelzenkuenstler-200x300.jpg 200w\" sizes=\"auto, (max-width: 267px) 100vw, 267px\" \/><\/figure>\n\n\n\n<figure class=\"wp-block-image size-full\"><img loading=\"lazy\" decoding=\"async\" width=\"328\" height=\"400\" data-id=\"499\" src=\"https:\/\/www.teatrobanal.at\/super\/wp-content\/uploads\/2023\/04\/Entreeshow-Straeucher.jpg\" alt=\"Lebende Str\u00e4ucher\" class=\"wp-image-499\" srcset=\"https:\/\/www.teatrobanal.at\/super\/wp-content\/uploads\/2023\/04\/Entreeshow-Straeucher.jpg 328w, https:\/\/www.teatrobanal.at\/super\/wp-content\/uploads\/2023\/04\/Entreeshow-Straeucher-246x300.jpg 246w\" sizes=\"auto, (max-width: 328px) 100vw, 328px\" \/><\/figure>\n\n\n\n<figure class=\"wp-block-image size-full\"><img loading=\"lazy\" decoding=\"async\" width=\"391\" height=\"450\" data-id=\"503\" src=\"https:\/\/www.teatrobanal.at\/super\/wp-content\/uploads\/2023\/04\/Stelzengeher-Gartenzwerge-Bunt.jpg\" alt=\"Stelzengeher\" class=\"wp-image-503\" srcset=\"https:\/\/www.teatrobanal.at\/super\/wp-content\/uploads\/2023\/04\/Stelzengeher-Gartenzwerge-Bunt.jpg 391w, https:\/\/www.teatrobanal.at\/super\/wp-content\/uploads\/2023\/04\/Stelzengeher-Gartenzwerge-Bunt-261x300.jpg 261w\" sizes=\"auto, (max-width: 391px) 100vw, 391px\" \/><\/figure>\n\n\n\n<figure class=\"wp-block-image size-full\"><img loading=\"lazy\" decoding=\"async\" width=\"450\" height=\"352\" data-id=\"517\" src=\"https:\/\/www.teatrobanal.at\/super\/wp-content\/uploads\/2023\/04\/Walking-Act-Gold.jpg\" alt=\"Walking Act\" class=\"wp-image-517\" srcset=\"https:\/\/www.teatrobanal.at\/super\/wp-content\/uploads\/2023\/04\/Walking-Act-Gold.jpg 450w, https:\/\/www.teatrobanal.at\/super\/wp-content\/uploads\/2023\/04\/Walking-Act-Gold-300x235.jpg 300w\" sizes=\"auto, (max-width: 450px) 100vw, 450px\" \/><\/figure>\n\n\n\n<figure class=\"wp-block-image size-full\"><img loading=\"lazy\" decoding=\"async\" width=\"327\" height=\"400\" data-id=\"516\" src=\"https:\/\/www.teatrobanal.at\/super\/wp-content\/uploads\/2023\/04\/Stelzenkuenstler-Elegant.jpg\" alt=\"Stelzengeher\" class=\"wp-image-516\" srcset=\"https:\/\/www.teatrobanal.at\/super\/wp-content\/uploads\/2023\/04\/Stelzenkuenstler-Elegant.jpg 327w, https:\/\/www.teatrobanal.at\/super\/wp-content\/uploads\/2023\/04\/Stelzenkuenstler-Elegant-245x300.jpg 245w\" sizes=\"auto, (max-width: 327px) 100vw, 327px\" \/><\/figure>\n<\/figure>\n\n\n\n<p class=\"has-normal-font-size\"><strong>Bei Stra\u00dfentheaterfestivals, Gaukler- und<\/strong> <strong>Stadtfesten bringen wir das Publikum zum Staunen und Lachen. Einhergehend mit \u00fcberraschender Situationskomik und dem \u201eseltsamen Paar\u201c, einer Stelzenperformance wie \u201edie H\u00f6flichen\u201c oder einfach einem<\/strong> <strong>Eyecatcher wie die \u201eChaplin-Marionette\u201c durchbrechen unsere Darbietungen mit satirischem Augenzwinkern die Erwartungshaltung des Publikums. <\/strong><br><strong><br>Mit Pantomime und Walking Acts oder<\/strong> <strong>als lebende Wegweiser bieten wir auch wunderbare Shows beim Empfang.<\/strong><\/p>\n\n\n\n<figure class=\"wp-block-image size-full\"><img loading=\"lazy\" decoding=\"async\" width=\"267\" height=\"400\" src=\"https:\/\/www.teatrobanal.at\/super\/wp-content\/uploads\/2023\/04\/Walking-Act-Stelzenkuenstler.jpg\" alt=\"Charly Chaplin Marionette\" class=\"wp-image-515\" srcset=\"https:\/\/www.teatrobanal.at\/super\/wp-content\/uploads\/2023\/04\/Walking-Act-Stelzenkuenstler.jpg 267w, https:\/\/www.teatrobanal.at\/super\/wp-content\/uploads\/2023\/04\/Walking-Act-Stelzenkuenstler-200x300.jpg 200w\" sizes=\"auto, (max-width: 267px) 100vw, 267px\" \/><\/figure>\n\n\n\n<figure class=\"wp-block-image size-full\"><img loading=\"lazy\" decoding=\"async\" width=\"425\" height=\"263\" src=\"https:\/\/www.teatrobanal.at\/super\/wp-content\/uploads\/2022\/04\/Pantomimen.jpg\" alt=\"Pantomimen\" class=\"wp-image-228\" srcset=\"https:\/\/www.teatrobanal.at\/super\/wp-content\/uploads\/2022\/04\/Pantomimen.jpg 425w, https:\/\/www.teatrobanal.at\/super\/wp-content\/uploads\/2022\/04\/Pantomimen-300x186.jpg 300w\" sizes=\"auto, (max-width: 425px) 100vw, 425px\" \/><\/figure>\n\n\n\n<p class=\"has-normal-font-size\"><strong>Mehr Informationen finden Sie unter: <a href=\"http:\/\/www.TeatroBanal.com\" target=\"_blank\" rel=\"noreferrer noopener\">www.TeatroBanal.com<\/a><\/strong><br><br><strong>oder rufen Sie an: <a href=\"tel:+436644732787\">00436644732787<\/a> (auch erreichbar mittels WhatsApp oder SMS)<\/strong><\/p>\n\n\n\n<p class=\"has-normal-font-size\"><strong><a href=\"https:\/\/www.teatrobanal.at\/super\/\">Zur\u00fcck zur Startseite<\/a><\/strong><\/p>\n","protected":false},"excerpt":{"rendered":"<p>Das Performance Duo Gro\u00dfe Auswahl an verschiedenen Walking Act Rollen oder Shows als Animation im Entr\u00e9e. Ob auf Stelzen, als Pantomimen oder Kom\u00f6dianten! Bei Stra\u00dfentheaterfestivals, Gaukler- und Stadtfesten bringen wir das Publikum zum Staunen und Lachen. Einhergehend mit \u00fcberraschender Situationskomik und dem \u201eseltsamen Paar\u201c, einer Stelzenperformance wie \u201edie H\u00f6flichen\u201c oder einfach einem Eyecatcher wie die [&hellip;]<\/p>\n","protected":false},"author":1,"featured_media":0,"parent":0,"menu_order":0,"comment_status":"closed","ping_status":"closed","template":"","meta":{"footnotes":""},"class_list":["post-170","page","type-page","status-publish","hentry"],"yoast_head":"<!-- This site is optimized with the Yoast SEO plugin v27.3 - https:\/\/yoast.com\/product\/yoast-seo-wordpress\/ -->\n<title>Walking Acts und fasziniernde Entr\u00e9eshows<\/title>\n<meta name=\"description\" content=\"Gro\u00dfe Auswahl an verschiedenen Walking-Act Rollen oder Shows als Animation im Entr\u00e9e. Ob auf Stelzen, als Pantomimen oder Kom\u00f6dianten!\" \/>\n<meta name=\"robots\" content=\"index, follow, max-snippet:-1, max-image-preview:large, max-video-preview:-1\" \/>\n<link rel=\"canonical\" href=\"https:\/\/www.teatrobanal.at\/super\/walking-acts-entreeshows\/\" \/>\n<meta property=\"og:locale\" content=\"de_DE\" \/>\n<meta property=\"og:type\" content=\"article\" \/>\n<meta property=\"og:title\" content=\"Walking Acts und fasziniernde Entr\u00e9eshows\" \/>\n<meta property=\"og:description\" content=\"Gro\u00dfe Auswahl an verschiedenen Walking-Act Rollen oder Shows als Animation im Entr\u00e9e. Ob auf Stelzen, als Pantomimen oder Kom\u00f6dianten!\" \/>\n<meta property=\"og:url\" content=\"https:\/\/www.teatrobanal.at\/super\/walking-acts-entreeshows\/\" \/>\n<meta property=\"og:site_name\" content=\"Kleinkunst Duo - Teatro Banal\" \/>\n<meta property=\"article:modified_time\" content=\"2026-04-02T12:22:47+00:00\" \/>\n<meta property=\"og:image\" content=\"https:\/\/www.teatrobanal.at\/super\/wp-content\/uploads\/2023\/04\/Walking-Act.jpg\" \/>\n\t<meta property=\"og:image:width\" content=\"566\" \/>\n\t<meta property=\"og:image:height\" content=\"473\" \/>\n\t<meta property=\"og:image:type\" content=\"image\/jpeg\" \/>\n<meta name=\"twitter:card\" content=\"summary_large_image\" \/>\n<meta name=\"twitter:label1\" content=\"Gesch\u00e4tzte Lesezeit\" \/>\n\t<meta name=\"twitter:data1\" content=\"3\u00a0Minuten\" \/>\n<script type=\"application\/ld+json\" class=\"yoast-schema-graph\">{\"@context\":\"https:\\\/\\\/schema.org\",\"@graph\":[{\"@type\":\"WebPage\",\"@id\":\"https:\\\/\\\/www.teatrobanal.at\\\/super\\\/walking-acts-entreeshows\\\/\",\"url\":\"https:\\\/\\\/www.teatrobanal.at\\\/super\\\/walking-acts-entreeshows\\\/\",\"name\":\"Walking Acts und fasziniernde Entr\u00e9eshows\",\"isPartOf\":{\"@id\":\"https:\\\/\\\/www.teatrobanal.at\\\/super\\\/#website\"},\"primaryImageOfPage\":{\"@id\":\"https:\\\/\\\/www.teatrobanal.at\\\/super\\\/walking-acts-entreeshows\\\/#primaryimage\"},\"image\":{\"@id\":\"https:\\\/\\\/www.teatrobanal.at\\\/super\\\/walking-acts-entreeshows\\\/#primaryimage\"},\"thumbnailUrl\":\"https:\\\/\\\/www.teatrobanal.at\\\/super\\\/wp-content\\\/uploads\\\/2023\\\/04\\\/Walking-Act.jpg\",\"datePublished\":\"2022-04-18T13:21:53+00:00\",\"dateModified\":\"2026-04-02T12:22:47+00:00\",\"description\":\"Gro\u00dfe Auswahl an verschiedenen Walking-Act Rollen oder Shows als Animation im Entr\u00e9e. Ob auf Stelzen, als Pantomimen oder Kom\u00f6dianten!\",\"breadcrumb\":{\"@id\":\"https:\\\/\\\/www.teatrobanal.at\\\/super\\\/walking-acts-entreeshows\\\/#breadcrumb\"},\"inLanguage\":\"de\",\"potentialAction\":[{\"@type\":\"ReadAction\",\"target\":[\"https:\\\/\\\/www.teatrobanal.at\\\/super\\\/walking-acts-entreeshows\\\/\"]}]},{\"@type\":\"ImageObject\",\"inLanguage\":\"de\",\"@id\":\"https:\\\/\\\/www.teatrobanal.at\\\/super\\\/walking-acts-entreeshows\\\/#primaryimage\",\"url\":\"https:\\\/\\\/www.teatrobanal.at\\\/super\\\/wp-content\\\/uploads\\\/2023\\\/04\\\/Walking-Act.jpg\",\"contentUrl\":\"https:\\\/\\\/www.teatrobanal.at\\\/super\\\/wp-content\\\/uploads\\\/2023\\\/04\\\/Walking-Act.jpg\",\"width\":566,\"height\":473,\"caption\":\"Stelzengeher Walking Act\"},{\"@type\":\"BreadcrumbList\",\"@id\":\"https:\\\/\\\/www.teatrobanal.at\\\/super\\\/walking-acts-entreeshows\\\/#breadcrumb\",\"itemListElement\":[{\"@type\":\"ListItem\",\"position\":1,\"name\":\"Startseite Kleinkunst Duo Teatro Banal\",\"item\":\"https:\\\/\\\/www.teatrobanal.at\\\/super\\\/\"},{\"@type\":\"ListItem\",\"position\":2,\"name\":\"Walking Acts &#038; Entr\u00e9eshows\"}]},{\"@type\":\"WebSite\",\"@id\":\"https:\\\/\\\/www.teatrobanal.at\\\/super\\\/#website\",\"url\":\"https:\\\/\\\/www.teatrobanal.at\\\/super\\\/\",\"name\":\"Kleinkunst Duo - Teatro Banal\",\"description\":\"Startseite\",\"publisher\":{\"@id\":\"https:\\\/\\\/www.teatrobanal.at\\\/super\\\/#organization\"},\"potentialAction\":[{\"@type\":\"SearchAction\",\"target\":{\"@type\":\"EntryPoint\",\"urlTemplate\":\"https:\\\/\\\/www.teatrobanal.at\\\/super\\\/?s={search_term_string}\"},\"query-input\":{\"@type\":\"PropertyValueSpecification\",\"valueRequired\":true,\"valueName\":\"search_term_string\"}}],\"inLanguage\":\"de\"},{\"@type\":\"Organization\",\"@id\":\"https:\\\/\\\/www.teatrobanal.at\\\/super\\\/#organization\",\"name\":\"Das Kleinkunst Duo\",\"url\":\"https:\\\/\\\/www.teatrobanal.at\\\/super\\\/\",\"logo\":{\"@type\":\"ImageObject\",\"inLanguage\":\"de\",\"@id\":\"https:\\\/\\\/www.teatrobanal.at\\\/super\\\/#\\\/schema\\\/logo\\\/image\\\/\",\"url\":\"https:\\\/\\\/www.teatrobanal.at\\\/super\\\/wp-content\\\/uploads\\\/2022\\\/04\\\/Spasskellner-Show.jpg\",\"contentUrl\":\"https:\\\/\\\/www.teatrobanal.at\\\/super\\\/wp-content\\\/uploads\\\/2022\\\/04\\\/Spasskellner-Show.jpg\",\"width\":1920,\"height\":1080,\"caption\":\"Das Kleinkunst Duo\"},\"image\":{\"@id\":\"https:\\\/\\\/www.teatrobanal.at\\\/super\\\/#\\\/schema\\\/logo\\\/image\\\/\"}}]}<\/script>\n<!-- \/ Yoast SEO plugin. -->","yoast_head_json":{"title":"Walking Acts und fasziniernde Entr\u00e9eshows","description":"Gro\u00dfe Auswahl an verschiedenen Walking-Act Rollen oder Shows als Animation im Entr\u00e9e. Ob auf Stelzen, als Pantomimen oder Kom\u00f6dianten!","robots":{"index":"index","follow":"follow","max-snippet":"max-snippet:-1","max-image-preview":"max-image-preview:large","max-video-preview":"max-video-preview:-1"},"canonical":"https:\/\/www.teatrobanal.at\/super\/walking-acts-entreeshows\/","og_locale":"de_DE","og_type":"article","og_title":"Walking Acts und fasziniernde Entr\u00e9eshows","og_description":"Gro\u00dfe Auswahl an verschiedenen Walking-Act Rollen oder Shows als Animation im Entr\u00e9e. Ob auf Stelzen, als Pantomimen oder Kom\u00f6dianten!","og_url":"https:\/\/www.teatrobanal.at\/super\/walking-acts-entreeshows\/","og_site_name":"Kleinkunst Duo - Teatro Banal","article_modified_time":"2026-04-02T12:22:47+00:00","og_image":[{"width":566,"height":473,"url":"https:\/\/www.teatrobanal.at\/super\/wp-content\/uploads\/2023\/04\/Walking-Act.jpg","type":"image\/jpeg"}],"twitter_card":"summary_large_image","twitter_misc":{"Gesch\u00e4tzte Lesezeit":"3\u00a0Minuten"},"schema":{"@context":"https:\/\/schema.org","@graph":[{"@type":"WebPage","@id":"https:\/\/www.teatrobanal.at\/super\/walking-acts-entreeshows\/","url":"https:\/\/www.teatrobanal.at\/super\/walking-acts-entreeshows\/","name":"Walking Acts und fasziniernde Entr\u00e9eshows","isPartOf":{"@id":"https:\/\/www.teatrobanal.at\/super\/#website"},"primaryImageOfPage":{"@id":"https:\/\/www.teatrobanal.at\/super\/walking-acts-entreeshows\/#primaryimage"},"image":{"@id":"https:\/\/www.teatrobanal.at\/super\/walking-acts-entreeshows\/#primaryimage"},"thumbnailUrl":"https:\/\/www.teatrobanal.at\/super\/wp-content\/uploads\/2023\/04\/Walking-Act.jpg","datePublished":"2022-04-18T13:21:53+00:00","dateModified":"2026-04-02T12:22:47+00:00","description":"Gro\u00dfe Auswahl an verschiedenen Walking-Act Rollen oder Shows als Animation im Entr\u00e9e. Ob auf Stelzen, als Pantomimen oder Kom\u00f6dianten!","breadcrumb":{"@id":"https:\/\/www.teatrobanal.at\/super\/walking-acts-entreeshows\/#breadcrumb"},"inLanguage":"de","potentialAction":[{"@type":"ReadAction","target":["https:\/\/www.teatrobanal.at\/super\/walking-acts-entreeshows\/"]}]},{"@type":"ImageObject","inLanguage":"de","@id":"https:\/\/www.teatrobanal.at\/super\/walking-acts-entreeshows\/#primaryimage","url":"https:\/\/www.teatrobanal.at\/super\/wp-content\/uploads\/2023\/04\/Walking-Act.jpg","contentUrl":"https:\/\/www.teatrobanal.at\/super\/wp-content\/uploads\/2023\/04\/Walking-Act.jpg","width":566,"height":473,"caption":"Stelzengeher Walking Act"},{"@type":"BreadcrumbList","@id":"https:\/\/www.teatrobanal.at\/super\/walking-acts-entreeshows\/#breadcrumb","itemListElement":[{"@type":"ListItem","position":1,"name":"Startseite Kleinkunst Duo Teatro Banal","item":"https:\/\/www.teatrobanal.at\/super\/"},{"@type":"ListItem","position":2,"name":"Walking Acts &#038; Entr\u00e9eshows"}]},{"@type":"WebSite","@id":"https:\/\/www.teatrobanal.at\/super\/#website","url":"https:\/\/www.teatrobanal.at\/super\/","name":"Kleinkunst Duo - Teatro Banal","description":"Startseite","publisher":{"@id":"https:\/\/www.teatrobanal.at\/super\/#organization"},"potentialAction":[{"@type":"SearchAction","target":{"@type":"EntryPoint","urlTemplate":"https:\/\/www.teatrobanal.at\/super\/?s={search_term_string}"},"query-input":{"@type":"PropertyValueSpecification","valueRequired":true,"valueName":"search_term_string"}}],"inLanguage":"de"},{"@type":"Organization","@id":"https:\/\/www.teatrobanal.at\/super\/#organization","name":"Das Kleinkunst Duo","url":"https:\/\/www.teatrobanal.at\/super\/","logo":{"@type":"ImageObject","inLanguage":"de","@id":"https:\/\/www.teatrobanal.at\/super\/#\/schema\/logo\/image\/","url":"https:\/\/www.teatrobanal.at\/super\/wp-content\/uploads\/2022\/04\/Spasskellner-Show.jpg","contentUrl":"https:\/\/www.teatrobanal.at\/super\/wp-content\/uploads\/2022\/04\/Spasskellner-Show.jpg","width":1920,"height":1080,"caption":"Das Kleinkunst Duo"},"image":{"@id":"https:\/\/www.teatrobanal.at\/super\/#\/schema\/logo\/image\/"}}]}},"_links":{"self":[{"href":"https:\/\/www.teatrobanal.at\/super\/wp-json\/wp\/v2\/pages\/170","targetHints":{"allow":["GET"]}}],"collection":[{"href":"https:\/\/www.teatrobanal.at\/super\/wp-json\/wp\/v2\/pages"}],"about":[{"href":"https:\/\/www.teatrobanal.at\/super\/wp-json\/wp\/v2\/types\/page"}],"author":[{"embeddable":true,"href":"https:\/\/www.teatrobanal.at\/super\/wp-json\/wp\/v2\/users\/1"}],"replies":[{"embeddable":true,"href":"https:\/\/www.teatrobanal.at\/super\/wp-json\/wp\/v2\/comments?post=170"}],"version-history":[{"count":41,"href":"https:\/\/www.teatrobanal.at\/super\/wp-json\/wp\/v2\/pages\/170\/revisions"}],"predecessor-version":[{"id":621,"href":"https:\/\/www.teatrobanal.at\/super\/wp-json\/wp\/v2\/pages\/170\/revisions\/621"}],"wp:attachment":[{"href":"https:\/\/www.teatrobanal.at\/super\/wp-json\/wp\/v2\/media?parent=170"}],"curies":[{"name":"wp","href":"https:\/\/api.w.org\/{rel}","templated":true}]}}