{"id":23,"date":"2022-04-16T15:18:39","date_gmt":"2022-04-16T13:18:39","guid":{"rendered":"https:\/\/www.teatrobanal.at\/super\/?page_id=23"},"modified":"2026-04-02T14:22:21","modified_gmt":"2026-04-02T12:22:21","slug":"kleinkunst","status":"publish","type":"page","link":"https:\/\/www.teatrobanal.at\/super\/","title":{"rendered":"Das Kleinkunst Duo"},"content":{"rendered":"\n<figure class=\"wp-block-image size-large\"><img loading=\"lazy\" decoding=\"async\" width=\"1024\" height=\"576\" src=\"https:\/\/www.teatrobanal.at\/super\/wp-content\/uploads\/2022\/04\/KleinkunstDuo-TeatroBanal-1024x576.jpg\" alt=\"Hier finden Sie Stelzengeher als Stelzenk\u00fcnstler f\u00fcr  Walking Acts oder Entr\u00e9eshows. Komische, lustige, falsche Kellner als Showkellner f\u00fcr Ihr Comedy Kellner Dinner. Kom\u00f6dianten und Pantomimen f\u00fcr Ihre Veranstaltung.\" class=\"wp-image-57\" srcset=\"https:\/\/www.teatrobanal.at\/super\/wp-content\/uploads\/2022\/04\/KleinkunstDuo-TeatroBanal-1024x576.jpg 1024w, https:\/\/www.teatrobanal.at\/super\/wp-content\/uploads\/2022\/04\/KleinkunstDuo-TeatroBanal-300x169.jpg 300w, https:\/\/www.teatrobanal.at\/super\/wp-content\/uploads\/2022\/04\/KleinkunstDuo-TeatroBanal-768x432.jpg 768w, https:\/\/www.teatrobanal.at\/super\/wp-content\/uploads\/2022\/04\/KleinkunstDuo-TeatroBanal-1536x864.jpg 1536w, https:\/\/www.teatrobanal.at\/super\/wp-content\/uploads\/2022\/04\/KleinkunstDuo-TeatroBanal-1200x675.jpg 1200w, https:\/\/www.teatrobanal.at\/super\/wp-content\/uploads\/2022\/04\/KleinkunstDuo-TeatroBanal.jpg 1920w\" sizes=\"auto, (max-width: 1024px) 100vw, 1024px\" \/><\/figure>\n\n\n\n<div class=\"wp-block-group alignwide\"><div class=\"wp-block-group__inner-container is-layout-flow wp-block-group-is-layout-flow\">\n<h2 class=\"wp-block-heading has-text-align-center has-secondary-color has-text-color\">Beste Unterhaltung f\u00fcr Ihre Veranstaltung<\/h2>\n<\/div><\/div>\n\n\n\n<div class=\"wp-block-columns alignwide is-layout-flex wp-container-core-columns-is-layout-9d6595d7 wp-block-columns-is-layout-flex\">\n<div class=\"wp-block-column is-layout-flow wp-block-column-is-layout-flow\">\n<div class=\"wp-block-group\"><div class=\"wp-block-group__inner-container is-layout-flow wp-block-group-is-layout-flow\">\n<figure class=\"wp-block-image alignfull size-large\"><a href=\"https:\/\/www.teatrobanal.at\/super\/showkellner\/\"><img loading=\"lazy\" decoding=\"async\" width=\"1024\" height=\"576\" src=\"https:\/\/www.teatrobanal.at\/super\/wp-content\/uploads\/2022\/04\/Showkellner-1024x576.jpg\" alt=\"Showkellnerin und Showkellner: Gabie und Dieter als Comedy Kellner, lustige Kellner also komische Kellner.\" class=\"wp-image-52\" srcset=\"https:\/\/www.teatrobanal.at\/super\/wp-content\/uploads\/2022\/04\/Showkellner-1024x576.jpg 1024w, https:\/\/www.teatrobanal.at\/super\/wp-content\/uploads\/2022\/04\/Showkellner-300x169.jpg 300w, https:\/\/www.teatrobanal.at\/super\/wp-content\/uploads\/2022\/04\/Showkellner-768x432.jpg 768w, https:\/\/www.teatrobanal.at\/super\/wp-content\/uploads\/2022\/04\/Showkellner-1536x864.jpg 1536w, https:\/\/www.teatrobanal.at\/super\/wp-content\/uploads\/2022\/04\/Showkellner-1200x675.jpg 1200w, https:\/\/www.teatrobanal.at\/super\/wp-content\/uploads\/2022\/04\/Showkellner.jpg 1920w\" sizes=\"auto, (max-width: 1024px) 100vw, 1024px\" \/><\/a><\/figure>\n\n\n\n<h3 class=\"wp-block-heading has-secondary-color has-text-color\">Showkellner &amp; Comedy Kellner<\/h3>\n\n\n\n<div class=\"wp-block-buttons is-layout-flex wp-block-buttons-is-layout-flex\">\n<div class=\"wp-block-button is-style-fill\"><a class=\"wp-block-button__link wp-element-button\" href=\"https:\/\/www.teatrobanal.at\/super\/showkellner\/\">Weiterlesen<\/a><\/div>\n<\/div>\n<\/div><\/div>\n\n\n\n<div class=\"wp-block-group\"><div class=\"wp-block-group__inner-container is-layout-flow wp-block-group-is-layout-flow\">\n<figure class=\"wp-block-image alignfull size-large\"><a href=\"https:\/\/www.teatrobanal.at\/super\/walking-acts-entreeshows\/\"><img loading=\"lazy\" decoding=\"async\" width=\"1024\" height=\"576\" src=\"https:\/\/www.teatrobanal.at\/super\/wp-content\/uploads\/2023\/04\/WalkingActs-1024x576.jpg\" alt=\"Gro\u00dfe Auswahl an verschiedenen Walking Act Rollen oder Shows als Animation im Entr\u00e9e. Ob auf Stelzen, als Pantomimen oder Kom\u00f6dianten!\" class=\"wp-image-497\" srcset=\"https:\/\/www.teatrobanal.at\/super\/wp-content\/uploads\/2023\/04\/WalkingActs-1024x576.jpg 1024w, https:\/\/www.teatrobanal.at\/super\/wp-content\/uploads\/2023\/04\/WalkingActs-300x169.jpg 300w, https:\/\/www.teatrobanal.at\/super\/wp-content\/uploads\/2023\/04\/WalkingActs-768x432.jpg 768w, https:\/\/www.teatrobanal.at\/super\/wp-content\/uploads\/2023\/04\/WalkingActs-1536x864.jpg 1536w, https:\/\/www.teatrobanal.at\/super\/wp-content\/uploads\/2023\/04\/WalkingActs-1200x675.jpg 1200w, https:\/\/www.teatrobanal.at\/super\/wp-content\/uploads\/2023\/04\/WalkingActs.jpg 1920w\" sizes=\"auto, (max-width: 1024px) 100vw, 1024px\" \/><\/a><\/figure>\n\n\n\n<h3 class=\"wp-block-heading has-secondary-color has-text-color\">Walking Acts &amp; Entr\u00e9eshows<\/h3>\n\n\n\n<div class=\"wp-block-buttons is-layout-flex wp-block-buttons-is-layout-flex\">\n<div class=\"wp-block-button is-style-fill\"><a class=\"wp-block-button__link wp-element-button\" href=\"https:\/\/www.teatrobanal.at\/super\/walking-acts-entreeshows\/\">Weiterlesen<\/a><\/div>\n<\/div>\n<\/div><\/div>\n<\/div>\n\n\n\n<div class=\"wp-block-column is-layout-flow wp-block-column-is-layout-flow\">\n<div class=\"wp-block-group\"><div class=\"wp-block-group__inner-container is-layout-flow wp-block-group-is-layout-flow\">\n<figure class=\"wp-block-image alignfull size-large\"><a href=\"https:\/\/www.teatrobanal.at\/super\/stelzengeher\/\"><img loading=\"lazy\" decoding=\"async\" width=\"676\" height=\"1024\" src=\"https:\/\/www.teatrobanal.at\/super\/wp-content\/uploads\/2022\/04\/Stelzengeher-676x1024.jpg\" alt=\"Wunderbare Stelzengeher mit einer gro\u00dfen Auswahl an Stelzenk\u00fcnstler Kost\u00fcmen in vielen unterschiedlichen Rollen. \nFeine Stelzen Walking Acts f\u00fcr Ihre Veranstaltung!\" class=\"wp-image-58\" srcset=\"https:\/\/www.teatrobanal.at\/super\/wp-content\/uploads\/2022\/04\/Stelzengeher-676x1024.jpg 676w, https:\/\/www.teatrobanal.at\/super\/wp-content\/uploads\/2022\/04\/Stelzengeher-198x300.jpg 198w, https:\/\/www.teatrobanal.at\/super\/wp-content\/uploads\/2022\/04\/Stelzengeher-768x1163.jpg 768w, https:\/\/www.teatrobanal.at\/super\/wp-content\/uploads\/2022\/04\/Stelzengeher-1014x1536.jpg 1014w, https:\/\/www.teatrobanal.at\/super\/wp-content\/uploads\/2022\/04\/Stelzengeher-1200x1817.jpg 1200w, https:\/\/www.teatrobanal.at\/super\/wp-content\/uploads\/2022\/04\/Stelzengeher.jpg 1268w\" sizes=\"auto, (max-width: 676px) 100vw, 676px\" \/><\/a><\/figure>\n\n\n\n<h3 class=\"wp-block-heading has-secondary-color has-text-color\">Stelzengeher &amp; Stelzenk\u00fcnstler<\/h3>\n\n\n\n<div class=\"wp-block-buttons is-layout-flex wp-block-buttons-is-layout-flex\">\n<div class=\"wp-block-button is-style-fill\"><a class=\"wp-block-button__link wp-element-button\" href=\"https:\/\/www.teatrobanal.at\/super\/stelzengeher\/\">Weiterlesen<\/a><\/div>\n<\/div>\n<\/div><\/div>\n\n\n\n<div class=\"wp-block-group\"><div class=\"wp-block-group__inner-container is-layout-flow wp-block-group-is-layout-flow\">\n<figure class=\"wp-block-image alignfull size-large\"><a href=\"https:\/\/www.teatrobanal.at\/super\/comedy-dinner\/\"><img loading=\"lazy\" decoding=\"async\" width=\"1024\" height=\"576\" src=\"https:\/\/www.teatrobanal.at\/super\/wp-content\/uploads\/2023\/04\/Spasskellner-Show-1024x576.jpg\" alt=\"Ob als Spa\u00dfkellner oder Kom\u00f6dianten, wir gestalten Ihr Comedy Dinner. \u00a0Auch als \u00dcberraschung, Unterhaltung und Geschenk f\u00fcr Geburtstage!\" class=\"wp-image-500\" srcset=\"https:\/\/www.teatrobanal.at\/super\/wp-content\/uploads\/2023\/04\/Spasskellner-Show-1024x576.jpg 1024w, https:\/\/www.teatrobanal.at\/super\/wp-content\/uploads\/2023\/04\/Spasskellner-Show-300x169.jpg 300w, https:\/\/www.teatrobanal.at\/super\/wp-content\/uploads\/2023\/04\/Spasskellner-Show-768x432.jpg 768w, https:\/\/www.teatrobanal.at\/super\/wp-content\/uploads\/2023\/04\/Spasskellner-Show-1536x864.jpg 1536w, https:\/\/www.teatrobanal.at\/super\/wp-content\/uploads\/2023\/04\/Spasskellner-Show-1200x675.jpg 1200w, https:\/\/www.teatrobanal.at\/super\/wp-content\/uploads\/2023\/04\/Spasskellner-Show.jpg 1920w\" sizes=\"auto, (max-width: 1024px) 100vw, 1024px\" \/><\/a><\/figure>\n\n\n\n<h3 class=\"wp-block-heading has-secondary-color has-text-color\">Comedy Dinner &amp; Kom\u00f6dianten<\/h3>\n\n\n\n<div class=\"wp-block-buttons is-layout-flex wp-block-buttons-is-layout-flex\">\n<div class=\"wp-block-button is-style-fill\"><a class=\"wp-block-button__link wp-element-button\" href=\"https:\/\/www.teatrobanal.at\/super\/comedy-dinner\/\">Weiterlesen<\/a><\/div>\n<\/div>\n<\/div><\/div>\n<\/div>\n<\/div>\n\n\n\n<div class=\"wp-block-group alignwide\"><div class=\"wp-block-group__inner-container is-layout-flow wp-block-group-is-layout-flow\">\n<h2 class=\"wp-block-heading has-text-align-center has-secondary-color has-text-color\">Teatro Banal<\/h2>\n<\/div><\/div>\n\n\n\n<p class=\"has-drop-cap has-normal-font-size\"><strong><mark>H<\/mark>ier finden Sie Stelzengeher als Stelzenk\u00fcnstler f\u00fcr &nbsp;Walking Acts oder Entr\u00e9eshows. Komische, lustige, falsche Kellner als Showkellner f\u00fcr Ihr Comedy Kellner Dinner. Kom\u00f6dianten und Pantomimen f\u00fcr Ihre Veranstaltung.<\/strong><\/p>\n\n\n\n<p class=\"has-drop-cap has-normal-font-size\">A<strong>ls Kleinkunstensemble Teatro Banal<br>greifen wir auf langj\u00e4hrige Erfahrung zur\u00fcck und w\u00fcrzen verschiedenartigste<\/strong> <strong>Veranstaltungen mit erstklassiger Unterhaltung.<br>Ausgehend von einem formidablen Duo Gabie &amp; Dieter k\u00f6nnen unsere k\u00fcnstlerischen Darbietungen bei Bedarf durch weitere K\u00fcnstler unseres Ensembles erg\u00e4nzt werden.<\/strong><\/p>\n\n\n\n<p class=\"has-normal-font-size\"><strong>Firmenveranstaltungen zu unterschiedlichsten<br>Anl\u00e4ssen wie Kundenempf\u00e4nge, Er\u00f6ffnungsfestlichkeiten, Jubil\u00e4ums- oder Weihnachtsfeiern, Mitarbeiterfeste und andere<br>Feierlichkeiten geh\u00f6ren zu unseren Spezialit\u00e4ten. Vom Tag der Offenen T\u00fcr bis zum Galaabend, bei der Begr\u00fc\u00dfung der G\u00e4ste,<\/strong> <strong>als Begleitung beim Dinner, oder auch einfach als Auflockerung<br>des Events. <\/strong><\/p>\n\n\n\n<p class=\"has-normal-font-size\"><strong>Die unterschiedlichsten Bereiche im Laufe einer<br>Veranstaltung k\u00f6nnen von uns abgedeckt werden: erstaunliche Entr\u00e9e-\u00dcberraschung als Begr\u00fc\u00dfung, seri\u00f6ses Dinner-Entertainment mit Showkellnerei, als Kleinkunstbegleitung zwischen den Tischen und gro\u00dfartige WalkActs.<\/strong><\/p>\n\n\n\n<p class=\"has-normal-font-size\"><strong>Rufen Sie unverbindlich an: <a href=\"tel:+436644732787\">00436644732787<\/a> (auch erreichbar mittels WhatsApp oder SMS)<\/strong><\/p>\n\n\n\n<p class=\"has-normal-font-size\"><strong>Engagieren Sie beste Unterhaltung!<\/strong><\/p>\n","protected":false},"excerpt":{"rendered":"<p>Beste Unterhaltung f\u00fcr Ihre Veranstaltung Showkellner &amp; Comedy Kellner Walking Acts &amp; Entr\u00e9eshows Stelzengeher &amp; Stelzenk\u00fcnstler Comedy Dinner &amp; Kom\u00f6dianten Teatro Banal Hier finden Sie Stelzengeher als Stelzenk\u00fcnstler f\u00fcr &nbsp;Walking Acts oder Entr\u00e9eshows. Komische, lustige, falsche Kellner als Showkellner f\u00fcr Ihr Comedy Kellner Dinner. Kom\u00f6dianten und Pantomimen f\u00fcr Ihre Veranstaltung. Als Kleinkunstensemble Teatro Banalgreifen wir [&hellip;]<\/p>\n","protected":false},"author":1,"featured_media":0,"parent":0,"menu_order":0,"comment_status":"closed","ping_status":"closed","template":"","meta":{"footnotes":""},"class_list":["post-23","page","type-page","status-publish","hentry"],"yoast_head":"<!-- This site is optimized with the Yoast SEO plugin v27.3 - https:\/\/yoast.com\/product\/yoast-seo-wordpress\/ -->\n<title>Comedy Kellner, Showkellner, Stelzengeher &amp; Stelzenk\u00fcnstler<\/title>\n<meta name=\"description\" content=\"Das Kleinkunst Duo pr\u00e4sentiert sich als Showkellner, Stelzengeher mit Walking Acts und Comedy Dinner - engagieren Sie beste Unterhaltung!\" \/>\n<meta name=\"robots\" content=\"index, follow, max-snippet:-1, max-image-preview:large, max-video-preview:-1\" \/>\n<link rel=\"canonical\" href=\"https:\/\/www.teatrobanal.at\/super\/\" \/>\n<meta property=\"og:locale\" content=\"de_DE\" \/>\n<meta property=\"og:type\" content=\"article\" \/>\n<meta property=\"og:title\" content=\"Comedy Kellner, Showkellner, Stelzengeher &amp; Stelzenk\u00fcnstler\" \/>\n<meta property=\"og:description\" content=\"Das Kleinkunst Duo pr\u00e4sentiert sich als Showkellner, Stelzengeher mit Walking Acts und Comedy Dinner - engagieren Sie beste Unterhaltung!\" \/>\n<meta property=\"og:url\" content=\"https:\/\/www.teatrobanal.at\/super\/\" \/>\n<meta property=\"og:site_name\" content=\"Kleinkunst Duo - Teatro Banal\" \/>\n<meta property=\"article:modified_time\" content=\"2026-04-02T12:22:21+00:00\" \/>\n<meta property=\"og:image\" content=\"https:\/\/www.teatrobanal.at\/super\/wp-content\/uploads\/2022\/04\/KleinkunstDuo-TeatroBanal.jpg\" \/>\n\t<meta property=\"og:image:width\" content=\"1920\" \/>\n\t<meta property=\"og:image:height\" content=\"1080\" \/>\n\t<meta property=\"og:image:type\" content=\"image\/jpeg\" \/>\n<meta name=\"twitter:card\" content=\"summary_large_image\" \/>\n<meta name=\"twitter:label1\" content=\"Gesch\u00e4tzte Lesezeit\" \/>\n\t<meta name=\"twitter:data1\" content=\"2\u00a0Minuten\" \/>\n<script type=\"application\/ld+json\" class=\"yoast-schema-graph\">{\"@context\":\"https:\\\/\\\/schema.org\",\"@graph\":[{\"@type\":\"WebPage\",\"@id\":\"https:\\\/\\\/www.teatrobanal.at\\\/super\\\/\",\"url\":\"https:\\\/\\\/www.teatrobanal.at\\\/super\\\/\",\"name\":\"Comedy Kellner, Showkellner, Stelzengeher & Stelzenk\u00fcnstler\",\"isPartOf\":{\"@id\":\"https:\\\/\\\/www.teatrobanal.at\\\/super\\\/#website\"},\"primaryImageOfPage\":{\"@id\":\"https:\\\/\\\/www.teatrobanal.at\\\/super\\\/#primaryimage\"},\"image\":{\"@id\":\"https:\\\/\\\/www.teatrobanal.at\\\/super\\\/#primaryimage\"},\"thumbnailUrl\":\"https:\\\/\\\/www.teatrobanal.at\\\/super\\\/wp-content\\\/uploads\\\/2022\\\/04\\\/KleinkunstDuo-TeatroBanal-1024x576.jpg\",\"datePublished\":\"2022-04-16T13:18:39+00:00\",\"dateModified\":\"2026-04-02T12:22:21+00:00\",\"description\":\"Das Kleinkunst Duo pr\u00e4sentiert sich als Showkellner, Stelzengeher mit Walking Acts und Comedy Dinner - engagieren Sie beste Unterhaltung!\",\"breadcrumb\":{\"@id\":\"https:\\\/\\\/www.teatrobanal.at\\\/super\\\/#breadcrumb\"},\"inLanguage\":\"de\",\"potentialAction\":[{\"@type\":\"ReadAction\",\"target\":[\"https:\\\/\\\/www.teatrobanal.at\\\/super\\\/\"]}]},{\"@type\":\"ImageObject\",\"inLanguage\":\"de\",\"@id\":\"https:\\\/\\\/www.teatrobanal.at\\\/super\\\/#primaryimage\",\"url\":\"https:\\\/\\\/www.teatrobanal.at\\\/super\\\/wp-content\\\/uploads\\\/2022\\\/04\\\/KleinkunstDuo-TeatroBanal.jpg\",\"contentUrl\":\"https:\\\/\\\/www.teatrobanal.at\\\/super\\\/wp-content\\\/uploads\\\/2022\\\/04\\\/KleinkunstDuo-TeatroBanal.jpg\",\"width\":1920,\"height\":1080,\"caption\":\"KleinkunstDuo-TeatroBanal\"},{\"@type\":\"BreadcrumbList\",\"@id\":\"https:\\\/\\\/www.teatrobanal.at\\\/super\\\/#breadcrumb\",\"itemListElement\":[{\"@type\":\"ListItem\",\"position\":1,\"name\":\"Startseite Kleinkunst Duo Teatro Banal\",\"item\":\"https:\\\/\\\/www.teatrobanal.at\\\/super\\\/\"},{\"@type\":\"ListItem\",\"position\":2,\"name\":\"Das Kleinkunst Duo\"}]},{\"@type\":\"WebSite\",\"@id\":\"https:\\\/\\\/www.teatrobanal.at\\\/super\\\/#website\",\"url\":\"https:\\\/\\\/www.teatrobanal.at\\\/super\\\/\",\"name\":\"Kleinkunst Duo - Teatro Banal\",\"description\":\"Startseite\",\"publisher\":{\"@id\":\"https:\\\/\\\/www.teatrobanal.at\\\/super\\\/#organization\"},\"potentialAction\":[{\"@type\":\"SearchAction\",\"target\":{\"@type\":\"EntryPoint\",\"urlTemplate\":\"https:\\\/\\\/www.teatrobanal.at\\\/super\\\/?s={search_term_string}\"},\"query-input\":{\"@type\":\"PropertyValueSpecification\",\"valueRequired\":true,\"valueName\":\"search_term_string\"}}],\"inLanguage\":\"de\"},{\"@type\":\"Organization\",\"@id\":\"https:\\\/\\\/www.teatrobanal.at\\\/super\\\/#organization\",\"name\":\"Das Kleinkunst Duo\",\"url\":\"https:\\\/\\\/www.teatrobanal.at\\\/super\\\/\",\"logo\":{\"@type\":\"ImageObject\",\"inLanguage\":\"de\",\"@id\":\"https:\\\/\\\/www.teatrobanal.at\\\/super\\\/#\\\/schema\\\/logo\\\/image\\\/\",\"url\":\"https:\\\/\\\/www.teatrobanal.at\\\/super\\\/wp-content\\\/uploads\\\/2022\\\/04\\\/Spasskellner-Show.jpg\",\"contentUrl\":\"https:\\\/\\\/www.teatrobanal.at\\\/super\\\/wp-content\\\/uploads\\\/2022\\\/04\\\/Spasskellner-Show.jpg\",\"width\":1920,\"height\":1080,\"caption\":\"Das Kleinkunst Duo\"},\"image\":{\"@id\":\"https:\\\/\\\/www.teatrobanal.at\\\/super\\\/#\\\/schema\\\/logo\\\/image\\\/\"}}]}<\/script>\n<!-- \/ Yoast SEO plugin. -->","yoast_head_json":{"title":"Comedy Kellner, Showkellner, Stelzengeher & Stelzenk\u00fcnstler","description":"Das Kleinkunst Duo pr\u00e4sentiert sich als Showkellner, Stelzengeher mit Walking Acts und Comedy Dinner - engagieren Sie beste Unterhaltung!","robots":{"index":"index","follow":"follow","max-snippet":"max-snippet:-1","max-image-preview":"max-image-preview:large","max-video-preview":"max-video-preview:-1"},"canonical":"https:\/\/www.teatrobanal.at\/super\/","og_locale":"de_DE","og_type":"article","og_title":"Comedy Kellner, Showkellner, Stelzengeher & Stelzenk\u00fcnstler","og_description":"Das Kleinkunst Duo pr\u00e4sentiert sich als Showkellner, Stelzengeher mit Walking Acts und Comedy Dinner - engagieren Sie beste Unterhaltung!","og_url":"https:\/\/www.teatrobanal.at\/super\/","og_site_name":"Kleinkunst Duo - Teatro Banal","article_modified_time":"2026-04-02T12:22:21+00:00","og_image":[{"width":1920,"height":1080,"url":"https:\/\/www.teatrobanal.at\/super\/wp-content\/uploads\/2022\/04\/KleinkunstDuo-TeatroBanal.jpg","type":"image\/jpeg"}],"twitter_card":"summary_large_image","twitter_misc":{"Gesch\u00e4tzte Lesezeit":"2\u00a0Minuten"},"schema":{"@context":"https:\/\/schema.org","@graph":[{"@type":"WebPage","@id":"https:\/\/www.teatrobanal.at\/super\/","url":"https:\/\/www.teatrobanal.at\/super\/","name":"Comedy Kellner, Showkellner, Stelzengeher & Stelzenk\u00fcnstler","isPartOf":{"@id":"https:\/\/www.teatrobanal.at\/super\/#website"},"primaryImageOfPage":{"@id":"https:\/\/www.teatrobanal.at\/super\/#primaryimage"},"image":{"@id":"https:\/\/www.teatrobanal.at\/super\/#primaryimage"},"thumbnailUrl":"https:\/\/www.teatrobanal.at\/super\/wp-content\/uploads\/2022\/04\/KleinkunstDuo-TeatroBanal-1024x576.jpg","datePublished":"2022-04-16T13:18:39+00:00","dateModified":"2026-04-02T12:22:21+00:00","description":"Das Kleinkunst Duo pr\u00e4sentiert sich als Showkellner, Stelzengeher mit Walking Acts und Comedy Dinner - engagieren Sie beste Unterhaltung!","breadcrumb":{"@id":"https:\/\/www.teatrobanal.at\/super\/#breadcrumb"},"inLanguage":"de","potentialAction":[{"@type":"ReadAction","target":["https:\/\/www.teatrobanal.at\/super\/"]}]},{"@type":"ImageObject","inLanguage":"de","@id":"https:\/\/www.teatrobanal.at\/super\/#primaryimage","url":"https:\/\/www.teatrobanal.at\/super\/wp-content\/uploads\/2022\/04\/KleinkunstDuo-TeatroBanal.jpg","contentUrl":"https:\/\/www.teatrobanal.at\/super\/wp-content\/uploads\/2022\/04\/KleinkunstDuo-TeatroBanal.jpg","width":1920,"height":1080,"caption":"KleinkunstDuo-TeatroBanal"},{"@type":"BreadcrumbList","@id":"https:\/\/www.teatrobanal.at\/super\/#breadcrumb","itemListElement":[{"@type":"ListItem","position":1,"name":"Startseite Kleinkunst Duo Teatro Banal","item":"https:\/\/www.teatrobanal.at\/super\/"},{"@type":"ListItem","position":2,"name":"Das Kleinkunst Duo"}]},{"@type":"WebSite","@id":"https:\/\/www.teatrobanal.at\/super\/#website","url":"https:\/\/www.teatrobanal.at\/super\/","name":"Kleinkunst Duo - Teatro Banal","description":"Startseite","publisher":{"@id":"https:\/\/www.teatrobanal.at\/super\/#organization"},"potentialAction":[{"@type":"SearchAction","target":{"@type":"EntryPoint","urlTemplate":"https:\/\/www.teatrobanal.at\/super\/?s={search_term_string}"},"query-input":{"@type":"PropertyValueSpecification","valueRequired":true,"valueName":"search_term_string"}}],"inLanguage":"de"},{"@type":"Organization","@id":"https:\/\/www.teatrobanal.at\/super\/#organization","name":"Das Kleinkunst Duo","url":"https:\/\/www.teatrobanal.at\/super\/","logo":{"@type":"ImageObject","inLanguage":"de","@id":"https:\/\/www.teatrobanal.at\/super\/#\/schema\/logo\/image\/","url":"https:\/\/www.teatrobanal.at\/super\/wp-content\/uploads\/2022\/04\/Spasskellner-Show.jpg","contentUrl":"https:\/\/www.teatrobanal.at\/super\/wp-content\/uploads\/2022\/04\/Spasskellner-Show.jpg","width":1920,"height":1080,"caption":"Das Kleinkunst Duo"},"image":{"@id":"https:\/\/www.teatrobanal.at\/super\/#\/schema\/logo\/image\/"}}]}},"_links":{"self":[{"href":"https:\/\/www.teatrobanal.at\/super\/wp-json\/wp\/v2\/pages\/23","targetHints":{"allow":["GET"]}}],"collection":[{"href":"https:\/\/www.teatrobanal.at\/super\/wp-json\/wp\/v2\/pages"}],"about":[{"href":"https:\/\/www.teatrobanal.at\/super\/wp-json\/wp\/v2\/types\/page"}],"author":[{"embeddable":true,"href":"https:\/\/www.teatrobanal.at\/super\/wp-json\/wp\/v2\/users\/1"}],"replies":[{"embeddable":true,"href":"https:\/\/www.teatrobanal.at\/super\/wp-json\/wp\/v2\/comments?post=23"}],"version-history":[{"count":55,"href":"https:\/\/www.teatrobanal.at\/super\/wp-json\/wp\/v2\/pages\/23\/revisions"}],"predecessor-version":[{"id":674,"href":"https:\/\/www.teatrobanal.at\/super\/wp-json\/wp\/v2\/pages\/23\/revisions\/674"}],"wp:attachment":[{"href":"https:\/\/www.teatrobanal.at\/super\/wp-json\/wp\/v2\/media?parent=23"}],"curies":[{"name":"wp","href":"https:\/\/api.w.org\/{rel}","templated":true}]}}