{"id":25,"date":"2022-04-16T15:18:51","date_gmt":"2022-04-16T13:18:51","guid":{"rendered":"https:\/\/www.teatrobanal.at\/super\/?page_id=25"},"modified":"2025-12-14T14:22:57","modified_gmt":"2025-12-14T13:22:57","slug":"kontakt","status":"publish","type":"page","link":"https:\/\/www.teatrobanal.at\/super\/kontakt\/","title":{"rendered":"Kontakt und Impressum Datenschutzerkl\u00e4rung"},"content":{"rendered":"\n<p class=\"has-text-align-center has-normal-font-size\"><a href=\"tel:+436644732787\"><strong>Rufen Sie uns an<\/strong><\/a> <br><strong>(auch erreichbar mittels WhatsApp oder SMS)<\/strong><\/p>\n\n\n\n<p class=\"has-text-align-center has-normal-font-size\"><strong><a href=\"mailto:TeatroBanal@a1.net\">Schreiben Sie uns ein E-Mail<\/a><\/strong><\/p>\n\n\n\n<p class=\"has-text-align-center has-normal-font-size\"><strong>Wir freuen uns auf Ihre Kontaktaufnahme! <br>Hans Dieter Zwirchmaier &amp; Gabie Josef Herzlichst<\/strong><\/p>\n\n\n\n<figure class=\"wp-block-image size-large\"><img loading=\"lazy\" decoding=\"async\" width=\"1024\" height=\"705\" src=\"https:\/\/www.teatrobanal.at\/super\/wp-content\/uploads\/2022\/04\/TeatroBanal-Kleinkunstduo-1024x705.jpg\" alt=\"Wir freuen uns auf Ihre Kontaktaufnahme! \nHans Dieter Zwirchmaier &amp; Gabie Josef Herzlichst\" class=\"wp-image-248\" srcset=\"https:\/\/www.teatrobanal.at\/super\/wp-content\/uploads\/2022\/04\/TeatroBanal-Kleinkunstduo-1024x705.jpg 1024w, https:\/\/www.teatrobanal.at\/super\/wp-content\/uploads\/2022\/04\/TeatroBanal-Kleinkunstduo-300x207.jpg 300w, https:\/\/www.teatrobanal.at\/super\/wp-content\/uploads\/2022\/04\/TeatroBanal-Kleinkunstduo-768x529.jpg 768w, https:\/\/www.teatrobanal.at\/super\/wp-content\/uploads\/2022\/04\/TeatroBanal-Kleinkunstduo-1200x826.jpg 1200w, https:\/\/www.teatrobanal.at\/super\/wp-content\/uploads\/2022\/04\/TeatroBanal-Kleinkunstduo.jpg 1322w\" sizes=\"auto, (max-width: 1024px) 100vw, 1024px\" \/><\/figure>\n\n\n\n<p class=\"has-text-align-center has-normal-font-size\"><strong>Impressum<\/strong><br><strong>Hans Dieter Zwirchmaier<br>Obertrattnach 112<br>A &#8211; 4715 Taufkirchen\/Trattnach<\/strong><\/p>\n\n\n\n<p class=\"has-text-align-center has-normal-font-size\"><a href=\"tel:+436644732787\"><strong>+43 (0)664 4732787<\/strong><\/a><\/p>\n\n\n\n<p class=\"has-text-align-center has-normal-font-size\"><strong>Zwirchmaier &amp; Mitges.<br>UID: ATU54814205<\/strong><br><\/p>\n\n\n\n<p class=\"has-text-align-center has-normal-font-size\"><strong>Datenschutzerkl\u00e4rung<\/strong><\/p>\n\n\n\n<p class=\"has-normal-font-size\">Der Schutz Ihrer pers\u00f6nlichen Daten ist uns ein besonderes Anliegen. Wir verarbeiten Ihre Daten daher ausschlie\u00dflich auf Grundlage der gesetzlichen Bestimmungen.<\/p>\n\n\n\n<p class=\"has-normal-font-size\">Wenn Sie uns per Kontaktformular oder E-Mail Anfragen zukommen lassen, werden Ihre Angaben inklusive der von Ihnen dort angegebenen Kontaktdaten zwecks Bearbeitung der Anfrage, f\u00fcr den Fall von Anschlussfragen, f\u00fcr die Auftragsbearbeitung sowie f\u00fcr eigene Werbezwecke bei uns gespeichert. Eine Weitergabe der Daten an Dritte erfolgt grunds\u00e4tzlich nicht, es sei denn dass dies zur \u00dcbermittlung an Beh\u00f6rden verpflichtend w\u00e4re.<\/p>\n\n\n\n<p class=\"has-normal-font-size\">Sie k\u00f6nnen diese Einwilligung jederzeit widerrufen. Dazu reicht eine formlose Mitteilung per E-Mail an uns. Die Rechtm\u00e4\u00dfigkeit der bis zum Widerruf erfolgten Datenverarbeitungsvorg\u00e4nge bleibt vom Widerruf unber\u00fchrt.<\/p>\n\n\n\n<p class=\"has-normal-font-size\">Die von Ihnen bekanntgegebenen Daten verbleiben bei uns, bis Sie uns zur L\u00f6schung auffordern, Ihre Einwilligung zur Speicherung widerrufen oder der Zweck f\u00fcr die Datenspeicherung entf\u00e4llt. Zwingende gesetzliche Bestimmungen \u2013 insbesondere Aufbewahrungsfristen \u2013 bleiben unber\u00fchrt.<\/p>\n\n\n\n<p class=\"has-normal-font-size\">Datenschutzrechtlicher Hinweis betreffend YouTube:<\/p>\n\n\n\n<p class=\"has-normal-font-size\">Unsere Webseite nutzt Plugins der von Google betriebenen Seite YouTube. Betreiber der Seiten ist die YouTube, LLC, 901 Cherry Ave., San Bruno, CA 94066, USA. Wenn Sie eine unserer mit einem YouTube-Plugin ausgestatteten Seiten besuchen, wird eine Verbindung zu den Servern von YouTube hergestellt. Dabei wird dem Youtube-Server mitgeteilt, welche unserer Seiten Sie besucht haben.<\/p>\n\n\n\n<p class=\"has-normal-font-size\">Wenn Sie in Ihrem YouTube-Account eingeloggt sind erm\u00f6glichen Sie YouTube, Ihr Surfverhalten direkt Ihrem pers\u00f6nlichen Profil zuzuordnen. Dies k\u00f6nnen Sie verhindern, indem Sie sich aus Ihrem YouTube-Account ausloggen.<\/p>\n\n\n\n<p class=\"has-normal-font-size\">Mit einem Klick auf ein Youtube-Video erkl\u00e4ren Sie sich mit der Verarbeitung Ihrer Daten durch Youtube einverstanden.<\/p>\n\n\n\n<p class=\"has-normal-font-size\">Weitere Informationen zum Umgang von Nutzerdaten finden Sie in der Datenschutzerkl\u00e4rung von YouTube unter <a href=\"https:\/\/www.google.de\/intl\/de\/policies\/privacy\" target=\"_blank\" rel=\"noreferrer noopener\">https:\/\/www.google.de\/intl\/de\/policies\/privacy<\/a><\/p>\n\n\n\n<p class=\"has-normal-font-size\">Datenschutzrechtlicher Hinweis betreffend Links:<\/p>\n\n\n\n<p class=\"has-normal-font-size\">In unserer Webseite enthaltene Links zu anderen Unternehmen, die m\u00f6glicherweise auch interessant f\u00fcr Sie sind, auf deren Inhalt wir jedoch keinen Einfluss haben unterliegen der Haftung der jeweiligen Betreiber. Bitte beachten Sie die Datenschutzerkl\u00e4rungen dieser, von uns unabh\u00e4ngigen Seiten.<\/p>\n\n\n\n<p class=\"has-large-font-size\"><strong><a href=\"https:\/\/www.teatrobanal.at\/super\/\">Zur\u00fcck zur Startseite<\/a><\/strong><\/p>\n","protected":false},"excerpt":{"rendered":"<p>Rufen Sie uns an (auch erreichbar mittels WhatsApp oder SMS) Schreiben Sie uns ein E-Mail Wir freuen uns auf Ihre Kontaktaufnahme! Hans Dieter Zwirchmaier &amp; Gabie Josef Herzlichst ImpressumHans Dieter ZwirchmaierObertrattnach 112A &#8211; 4715 Taufkirchen\/Trattnach +43 (0)664 4732787 Zwirchmaier &amp; Mitges.UID: ATU54814205 Datenschutzerkl\u00e4rung Der Schutz Ihrer pers\u00f6nlichen Daten ist uns ein besonderes Anliegen. Wir verarbeiten [&hellip;]<\/p>\n","protected":false},"author":1,"featured_media":0,"parent":0,"menu_order":0,"comment_status":"closed","ping_status":"closed","template":"","meta":{"footnotes":""},"class_list":["post-25","page","type-page","status-publish","hentry"],"yoast_head":"<!-- This site is optimized with the Yoast SEO plugin v27.3 - https:\/\/yoast.com\/product\/yoast-seo-wordpress\/ -->\n<title>Kontakt, Impressum und Datenschutzerkl\u00e4rung<\/title>\n<meta name=\"description\" content=\"Kontakt, Impressum und die Datenschutzerkl\u00e4rung. Kostenlose unverbindliche Anfrage: Anruf, E-Mail, WhatsApp oder SMS. Wir freuen uns!\" \/>\n<meta name=\"robots\" content=\"index, follow, max-snippet:-1, max-image-preview:large, max-video-preview:-1\" \/>\n<link rel=\"canonical\" href=\"https:\/\/www.teatrobanal.at\/super\/kontakt\/\" \/>\n<meta property=\"og:locale\" content=\"de_DE\" \/>\n<meta property=\"og:type\" content=\"article\" \/>\n<meta property=\"og:title\" content=\"Kontakt, Impressum und Datenschutzerkl\u00e4rung\" \/>\n<meta property=\"og:description\" content=\"Kontakt, Impressum und die Datenschutzerkl\u00e4rung. Kostenlose unverbindliche Anfrage: Anruf, E-Mail, WhatsApp oder SMS. Wir freuen uns!\" \/>\n<meta property=\"og:url\" content=\"https:\/\/www.teatrobanal.at\/super\/kontakt\/\" \/>\n<meta property=\"og:site_name\" content=\"Kleinkunst Duo - Teatro Banal\" \/>\n<meta property=\"article:modified_time\" content=\"2025-12-14T13:22:57+00:00\" \/>\n<meta property=\"og:image\" content=\"https:\/\/www.teatrobanal.at\/super\/wp-content\/uploads\/2022\/04\/TeatroBanal-Kleinkunstduo.jpg\" \/>\n\t<meta property=\"og:image:width\" content=\"1322\" \/>\n\t<meta property=\"og:image:height\" content=\"910\" \/>\n\t<meta property=\"og:image:type\" content=\"image\/jpeg\" \/>\n<meta name=\"twitter:card\" content=\"summary_large_image\" \/>\n<meta name=\"twitter:label1\" content=\"Gesch\u00e4tzte Lesezeit\" \/>\n\t<meta name=\"twitter:data1\" content=\"3\u00a0Minuten\" \/>\n<script type=\"application\/ld+json\" class=\"yoast-schema-graph\">{\"@context\":\"https:\\\/\\\/schema.org\",\"@graph\":[{\"@type\":\"WebPage\",\"@id\":\"https:\\\/\\\/www.teatrobanal.at\\\/super\\\/kontakt\\\/\",\"url\":\"https:\\\/\\\/www.teatrobanal.at\\\/super\\\/kontakt\\\/\",\"name\":\"Kontakt, Impressum und Datenschutzerkl\u00e4rung\",\"isPartOf\":{\"@id\":\"https:\\\/\\\/www.teatrobanal.at\\\/super\\\/#website\"},\"primaryImageOfPage\":{\"@id\":\"https:\\\/\\\/www.teatrobanal.at\\\/super\\\/kontakt\\\/#primaryimage\"},\"image\":{\"@id\":\"https:\\\/\\\/www.teatrobanal.at\\\/super\\\/kontakt\\\/#primaryimage\"},\"thumbnailUrl\":\"https:\\\/\\\/www.teatrobanal.at\\\/super\\\/wp-content\\\/uploads\\\/2022\\\/04\\\/TeatroBanal-Kleinkunstduo-1024x705.jpg\",\"datePublished\":\"2022-04-16T13:18:51+00:00\",\"dateModified\":\"2025-12-14T13:22:57+00:00\",\"description\":\"Kontakt, Impressum und die Datenschutzerkl\u00e4rung. Kostenlose unverbindliche Anfrage: Anruf, E-Mail, WhatsApp oder SMS. Wir freuen uns!\",\"breadcrumb\":{\"@id\":\"https:\\\/\\\/www.teatrobanal.at\\\/super\\\/kontakt\\\/#breadcrumb\"},\"inLanguage\":\"de\",\"potentialAction\":[{\"@type\":\"ReadAction\",\"target\":[\"https:\\\/\\\/www.teatrobanal.at\\\/super\\\/kontakt\\\/\"]}]},{\"@type\":\"ImageObject\",\"inLanguage\":\"de\",\"@id\":\"https:\\\/\\\/www.teatrobanal.at\\\/super\\\/kontakt\\\/#primaryimage\",\"url\":\"https:\\\/\\\/www.teatrobanal.at\\\/super\\\/wp-content\\\/uploads\\\/2022\\\/04\\\/TeatroBanal-Kleinkunstduo.jpg\",\"contentUrl\":\"https:\\\/\\\/www.teatrobanal.at\\\/super\\\/wp-content\\\/uploads\\\/2022\\\/04\\\/TeatroBanal-Kleinkunstduo.jpg\",\"width\":1322,\"height\":910,\"caption\":\"Das Kleinkunstduo Teatro Banal\"},{\"@type\":\"BreadcrumbList\",\"@id\":\"https:\\\/\\\/www.teatrobanal.at\\\/super\\\/kontakt\\\/#breadcrumb\",\"itemListElement\":[{\"@type\":\"ListItem\",\"position\":1,\"name\":\"Startseite Kleinkunst Duo Teatro Banal\",\"item\":\"https:\\\/\\\/www.teatrobanal.at\\\/super\\\/\"},{\"@type\":\"ListItem\",\"position\":2,\"name\":\"Kontakt und Impressum Datenschutzerkl\u00e4rung\"}]},{\"@type\":\"WebSite\",\"@id\":\"https:\\\/\\\/www.teatrobanal.at\\\/super\\\/#website\",\"url\":\"https:\\\/\\\/www.teatrobanal.at\\\/super\\\/\",\"name\":\"Kleinkunst Duo - Teatro Banal\",\"description\":\"Startseite\",\"publisher\":{\"@id\":\"https:\\\/\\\/www.teatrobanal.at\\\/super\\\/#organization\"},\"potentialAction\":[{\"@type\":\"SearchAction\",\"target\":{\"@type\":\"EntryPoint\",\"urlTemplate\":\"https:\\\/\\\/www.teatrobanal.at\\\/super\\\/?s={search_term_string}\"},\"query-input\":{\"@type\":\"PropertyValueSpecification\",\"valueRequired\":true,\"valueName\":\"search_term_string\"}}],\"inLanguage\":\"de\"},{\"@type\":\"Organization\",\"@id\":\"https:\\\/\\\/www.teatrobanal.at\\\/super\\\/#organization\",\"name\":\"Das Kleinkunst Duo\",\"url\":\"https:\\\/\\\/www.teatrobanal.at\\\/super\\\/\",\"logo\":{\"@type\":\"ImageObject\",\"inLanguage\":\"de\",\"@id\":\"https:\\\/\\\/www.teatrobanal.at\\\/super\\\/#\\\/schema\\\/logo\\\/image\\\/\",\"url\":\"https:\\\/\\\/www.teatrobanal.at\\\/super\\\/wp-content\\\/uploads\\\/2022\\\/04\\\/Spasskellner-Show.jpg\",\"contentUrl\":\"https:\\\/\\\/www.teatrobanal.at\\\/super\\\/wp-content\\\/uploads\\\/2022\\\/04\\\/Spasskellner-Show.jpg\",\"width\":1920,\"height\":1080,\"caption\":\"Das Kleinkunst Duo\"},\"image\":{\"@id\":\"https:\\\/\\\/www.teatrobanal.at\\\/super\\\/#\\\/schema\\\/logo\\\/image\\\/\"}}]}<\/script>\n<!-- \/ Yoast SEO plugin. -->","yoast_head_json":{"title":"Kontakt, Impressum und Datenschutzerkl\u00e4rung","description":"Kontakt, Impressum und die Datenschutzerkl\u00e4rung. Kostenlose unverbindliche Anfrage: Anruf, E-Mail, WhatsApp oder SMS. Wir freuen uns!","robots":{"index":"index","follow":"follow","max-snippet":"max-snippet:-1","max-image-preview":"max-image-preview:large","max-video-preview":"max-video-preview:-1"},"canonical":"https:\/\/www.teatrobanal.at\/super\/kontakt\/","og_locale":"de_DE","og_type":"article","og_title":"Kontakt, Impressum und Datenschutzerkl\u00e4rung","og_description":"Kontakt, Impressum und die Datenschutzerkl\u00e4rung. Kostenlose unverbindliche Anfrage: Anruf, E-Mail, WhatsApp oder SMS. Wir freuen uns!","og_url":"https:\/\/www.teatrobanal.at\/super\/kontakt\/","og_site_name":"Kleinkunst Duo - Teatro Banal","article_modified_time":"2025-12-14T13:22:57+00:00","og_image":[{"width":1322,"height":910,"url":"https:\/\/www.teatrobanal.at\/super\/wp-content\/uploads\/2022\/04\/TeatroBanal-Kleinkunstduo.jpg","type":"image\/jpeg"}],"twitter_card":"summary_large_image","twitter_misc":{"Gesch\u00e4tzte Lesezeit":"3\u00a0Minuten"},"schema":{"@context":"https:\/\/schema.org","@graph":[{"@type":"WebPage","@id":"https:\/\/www.teatrobanal.at\/super\/kontakt\/","url":"https:\/\/www.teatrobanal.at\/super\/kontakt\/","name":"Kontakt, Impressum und Datenschutzerkl\u00e4rung","isPartOf":{"@id":"https:\/\/www.teatrobanal.at\/super\/#website"},"primaryImageOfPage":{"@id":"https:\/\/www.teatrobanal.at\/super\/kontakt\/#primaryimage"},"image":{"@id":"https:\/\/www.teatrobanal.at\/super\/kontakt\/#primaryimage"},"thumbnailUrl":"https:\/\/www.teatrobanal.at\/super\/wp-content\/uploads\/2022\/04\/TeatroBanal-Kleinkunstduo-1024x705.jpg","datePublished":"2022-04-16T13:18:51+00:00","dateModified":"2025-12-14T13:22:57+00:00","description":"Kontakt, Impressum und die Datenschutzerkl\u00e4rung. Kostenlose unverbindliche Anfrage: Anruf, E-Mail, WhatsApp oder SMS. Wir freuen uns!","breadcrumb":{"@id":"https:\/\/www.teatrobanal.at\/super\/kontakt\/#breadcrumb"},"inLanguage":"de","potentialAction":[{"@type":"ReadAction","target":["https:\/\/www.teatrobanal.at\/super\/kontakt\/"]}]},{"@type":"ImageObject","inLanguage":"de","@id":"https:\/\/www.teatrobanal.at\/super\/kontakt\/#primaryimage","url":"https:\/\/www.teatrobanal.at\/super\/wp-content\/uploads\/2022\/04\/TeatroBanal-Kleinkunstduo.jpg","contentUrl":"https:\/\/www.teatrobanal.at\/super\/wp-content\/uploads\/2022\/04\/TeatroBanal-Kleinkunstduo.jpg","width":1322,"height":910,"caption":"Das Kleinkunstduo Teatro Banal"},{"@type":"BreadcrumbList","@id":"https:\/\/www.teatrobanal.at\/super\/kontakt\/#breadcrumb","itemListElement":[{"@type":"ListItem","position":1,"name":"Startseite Kleinkunst Duo Teatro Banal","item":"https:\/\/www.teatrobanal.at\/super\/"},{"@type":"ListItem","position":2,"name":"Kontakt und Impressum Datenschutzerkl\u00e4rung"}]},{"@type":"WebSite","@id":"https:\/\/www.teatrobanal.at\/super\/#website","url":"https:\/\/www.teatrobanal.at\/super\/","name":"Kleinkunst Duo - Teatro Banal","description":"Startseite","publisher":{"@id":"https:\/\/www.teatrobanal.at\/super\/#organization"},"potentialAction":[{"@type":"SearchAction","target":{"@type":"EntryPoint","urlTemplate":"https:\/\/www.teatrobanal.at\/super\/?s={search_term_string}"},"query-input":{"@type":"PropertyValueSpecification","valueRequired":true,"valueName":"search_term_string"}}],"inLanguage":"de"},{"@type":"Organization","@id":"https:\/\/www.teatrobanal.at\/super\/#organization","name":"Das Kleinkunst Duo","url":"https:\/\/www.teatrobanal.at\/super\/","logo":{"@type":"ImageObject","inLanguage":"de","@id":"https:\/\/www.teatrobanal.at\/super\/#\/schema\/logo\/image\/","url":"https:\/\/www.teatrobanal.at\/super\/wp-content\/uploads\/2022\/04\/Spasskellner-Show.jpg","contentUrl":"https:\/\/www.teatrobanal.at\/super\/wp-content\/uploads\/2022\/04\/Spasskellner-Show.jpg","width":1920,"height":1080,"caption":"Das Kleinkunst Duo"},"image":{"@id":"https:\/\/www.teatrobanal.at\/super\/#\/schema\/logo\/image\/"}}]}},"_links":{"self":[{"href":"https:\/\/www.teatrobanal.at\/super\/wp-json\/wp\/v2\/pages\/25","targetHints":{"allow":["GET"]}}],"collection":[{"href":"https:\/\/www.teatrobanal.at\/super\/wp-json\/wp\/v2\/pages"}],"about":[{"href":"https:\/\/www.teatrobanal.at\/super\/wp-json\/wp\/v2\/types\/page"}],"author":[{"embeddable":true,"href":"https:\/\/www.teatrobanal.at\/super\/wp-json\/wp\/v2\/users\/1"}],"replies":[{"embeddable":true,"href":"https:\/\/www.teatrobanal.at\/super\/wp-json\/wp\/v2\/comments?post=25"}],"version-history":[{"count":17,"href":"https:\/\/www.teatrobanal.at\/super\/wp-json\/wp\/v2\/pages\/25\/revisions"}],"predecessor-version":[{"id":605,"href":"https:\/\/www.teatrobanal.at\/super\/wp-json\/wp\/v2\/pages\/25\/revisions\/605"}],"wp:attachment":[{"href":"https:\/\/www.teatrobanal.at\/super\/wp-json\/wp\/v2\/media?parent=25"}],"curies":[{"name":"wp","href":"https:\/\/api.w.org\/{rel}","templated":true}]}}